{"id":1378,"date":"2024-06-24T13:31:49","date_gmt":"2024-06-24T11:31:49","guid":{"rendered":"https:\/\/www.ftspt.com\/?page_id=1378"},"modified":"2024-06-24T14:04:52","modified_gmt":"2024-06-24T12:04:52","slug":"test-matleb-ijaza","status":"publish","type":"page","link":"https:\/\/www.ftspt.com\/index.php\/test-matleb-ijaza\/","title":{"rendered":"\u0645\u0637\u0644\u0628 \u0625\u062c\u0627\u0632\u0629 \u0641\u0631\u062f\u064a\u0629 \u0644\u0644\u0631\u064a\u0627\u0636\u0629 \u0644\u0644\u062c\u0645\u064a\u0639"},"content":{"rendered":"<div class=\"forminator-ui forminator-custom-form forminator-custom-form-1371 forminator-design--default  forminator_ajax\" data-forminator-render=\"0\" data-form=\"forminator-module-1371\" data-uid=\"69dde72169aaa\"><br\/><\/div><form\n\t\t\t\tid=\"forminator-module-1371\"\n\t\t\t\tclass=\"forminator-ui forminator-custom-form forminator-custom-form-1371 forminator-design--default  forminator_ajax\"\n\t\t\t\tmethod=\"post\"\n\t\t\t\tdata-forminator-render=\"0\"\n\t\t\t\tdata-form-id=\"1371\"\n\t\t\t\t\n\t\t\t\tdata-design=\"default\"\n\t\t\t\t\n\t\t\t\t\n\t\t\t\t\n\t\t\t\tdata-grid=\"open\"\n\t\t\t\tenctype=\"multipart\/form-data\"\n\t\t\t\t\n\t\t\t\tstyle=\"display: none;\"\n\t\t\t\t\n\t\t\t\tdata-uid=\"69dde72169aaa\"\n\t\t\t><div role=\"alert\" aria-live=\"polite\" class=\"forminator-response-message forminator-error\" aria-hidden=\"true\"><\/div><div class=\"forminator-row\"><div id=\"upload-1\" class=\"forminator-field-upload forminator-col forminator-col-12 \"><div class=\"forminator-field\"><label for=\"forminator-field-upload-1_69dde72169aaa\" id=\"forminator-field-upload-1_69dde72169aaa-label\" class=\"forminator-label\">\u0625\u0646\u0632\u0627\u0644 \u0635\u0648\u0631\u0629<\/label><div class=\"forminator-file-upload \" data-element=\"upload-1_69dde72169aaa\"><input type=\"file\" name=\"upload-1\" id=\"forminator-field-upload-1_69dde72169aaa\" class=\"forminator-input-file\" accept=\".jpg,.jpeg,.jpe,.gif,.png,.bmp,.tiff,.tif,.webp,.avif,.ico,.heic,.asf,.asx,.wmv,.wmx,.wm,.avi,.divx,.flv,.mov,.qt,.mpeg,.mpg,.mpe,.mp4,.m4v,.ogv,.webm,.mkv,.3gp,.3gpp,.3g2,.3gp2,.txt,.asc,.c,.cc,.h,.srt,.csv,.tsv,.ics,.rtx,.css,.htm,.html,.vtt,.dfxp,.mp3,.m4a,.m4b,.aac,.ra,.ram,.wav,.ogg,.oga,.flac,.mid,.midi,.wma,.wax,.mka,.rtf,.js,.pdf,.class,.tar,.zip,.gz,.gzip,.rar,.7z,.psd,.xcf,.doc,.pot,.pps,.ppt,.wri,.xla,.xls,.xlt,.xlw,.mdb,.mpp,.docx,.docm,.dotx,.dotm,.xlsx,.xlsm,.xlsb,.xltx,.xltm,.xlam,.pptx,.pptm,.ppsx,.ppsm,.potx,.potm,.ppam,.sldx,.sldm,.onetoc,.onetoc2,.onetmp,.onepkg,.oxps,.xps,.odt,.odp,.ods,.odg,.odc,.odb,.odf,.wp,.wpd,.key,.numbers,.pages,.json\"><button id=\"forminator-field-upload-1_69dde72169aaa_button\" class=\"forminator-button forminator-button-upload\" data-id=\"forminator-field-upload-1_69dde72169aaa\">Choisissez un fichier<\/button><span data-empty-text=\"Aucun fichier s\u00e9lectionn\u00e9\">Aucun fichier s\u00e9lectionn\u00e9<\/span><button class=\"forminator-button-delete\" style=\"display: none;\"><i class=\"forminator-icon-close\" aria-hidden=\"true\"><\/i><span class=\"forminator-screen-reader-only\">Supprimer le fichier t\u00e9l\u00e9vers\u00e9<\/span><\/button><\/div><\/div><\/div><\/div><div class=\"forminator-row\"><div id=\"checkbox-1\" class=\"forminator-field-checkbox forminator-col forminator-col-6 \"><div role=\"group\" class=\"forminator-field\" aria-labelledby=\"forminator-checkbox-group-69dde72169aaa-label\"><label id=\"forminator-field-checkbox-1-1-69dde72169aaa-label\" for=\"forminator-field-checkbox-1-1-69dde72169aaa\" class=\"forminator-checkbox\" title=\"\u062a\u062c\u062f\u064a\u062f \u0625\u062c\u0627\u0632\u0629\"><input type=\"checkbox\" name=\"checkbox-1[]\" value=\"one\" id=\"forminator-field-checkbox-1-1-69dde72169aaa\" aria-labelledby=\"forminator-field-checkbox-1-1-69dde72169aaa-label\" data-calculation=\"0\"   data-hidden-behavior=\"zero\"\/><span class=\"forminator-checkbox-box\" aria-hidden=\"true\"><\/span><span class=\"forminator-checkbox-label\">\u062a\u062c\u062f\u064a\u062f \u0625\u062c\u0627\u0632\u0629<\/span><\/label><\/div><\/div><div id=\"checkbox-2\" class=\"forminator-field-checkbox forminator-col forminator-col-6 \"><div role=\"group\" class=\"forminator-field\" aria-labelledby=\"forminator-checkbox-group-69dde72169aaa-label\"><label id=\"forminator-field-checkbox-2-1-69dde72169aaa-label\" for=\"forminator-field-checkbox-2-1-69dde72169aaa\" class=\"forminator-checkbox\" title=\"\u062a\u0633\u062c\u064a\u0644 \u062c\u062f\u064a\u062f\"><input type=\"checkbox\" name=\"checkbox-2[]\" value=\"one\" id=\"forminator-field-checkbox-2-1-69dde72169aaa\" aria-labelledby=\"forminator-field-checkbox-2-1-69dde72169aaa-label\" data-calculation=\"0\"   data-hidden-behavior=\"zero\"\/><span class=\"forminator-checkbox-box\" aria-hidden=\"true\"><\/span><span class=\"forminator-checkbox-label\">\u062a\u0633\u062c\u064a\u0644 \u062c\u062f\u064a\u062f<\/span><\/label><\/div><\/div><\/div><div class=\"forminator-row\"><div id=\"checkbox-4\" class=\"forminator-field-checkbox forminator-col forminator-col-6 \"><div role=\"group\" class=\"forminator-field\" aria-labelledby=\"forminator-checkbox-group-69dde72169aaa-label\"><span id=\"forminator-checkbox-group-69dde72169aaa-label\" class=\"forminator-label\">\u0627\u0646\u0627\u062b<\/span><label id=\"forminator-field-checkbox-4-1-69dde72169aaa-label\" for=\"forminator-field-checkbox-4-1-69dde72169aaa\" class=\"forminator-checkbox forminator-checkbox-inline\" title=\"\u0645\u0646 6 \u0625\u0644\u0649 12 \u0633\u0646\u0629 (\u0628\u0631\u0627\u0639\u0645)\"><input type=\"checkbox\" name=\"checkbox-4[]\" value=\"one\" id=\"forminator-field-checkbox-4-1-69dde72169aaa\" aria-labelledby=\"forminator-field-checkbox-4-1-69dde72169aaa-label\" data-calculation=\"0\"   data-hidden-behavior=\"zero\"\/><span class=\"forminator-checkbox-box\" aria-hidden=\"true\"><\/span><span class=\"forminator-checkbox-label\">\u0645\u0646 6 \u0625\u0644\u0649 12 \u0633\u0646\u0629 (\u0628\u0631\u0627\u0639\u0645)<\/span><\/label><label id=\"forminator-field-checkbox-4-2-69dde72169aaa-label\" for=\"forminator-field-checkbox-4-2-69dde72169aaa\" class=\"forminator-checkbox forminator-checkbox-inline\" title=\"\u0645\u0646 13 \u0625\u0644\u0649 18 \u0633\u0646\u0629 (\u064a\u0641\u0639\u064a\u0646 )\"><input type=\"checkbox\" name=\"checkbox-4[]\" value=\"two\" id=\"forminator-field-checkbox-4-2-69dde72169aaa\" aria-labelledby=\"forminator-field-checkbox-4-2-69dde72169aaa-label\" data-calculation=\"0\"   data-hidden-behavior=\"zero\"\/><span class=\"forminator-checkbox-box\" aria-hidden=\"true\"><\/span><span class=\"forminator-checkbox-label\">\u0645\u0646 13 \u0625\u0644\u0649 18 \u0633\u0646\u0629 (\u064a\u0641\u0639\u064a\u0646 )<\/span><\/label><label id=\"forminator-field-checkbox-4-3-69dde72169aaa-label\" for=\"forminator-field-checkbox-4-3-69dde72169aaa\" class=\"forminator-checkbox forminator-checkbox-inline\" title=\"\u0645\u0646 18 \u0625\u0644\u0649 35 \u0633\u0646\u0629 (\u0634\u0628\u0627\u0628)\"><input type=\"checkbox\" name=\"checkbox-4[]\" value=\"\u0645\u0646-6-\u0625\u0644\u0649-12-\u0633\u0646\u0629-(\u0628\u0631\u0627\u0639\u0645)\" id=\"forminator-field-checkbox-4-3-69dde72169aaa\" aria-labelledby=\"forminator-field-checkbox-4-3-69dde72169aaa-label\" data-calculation=\"0\"   data-hidden-behavior=\"zero\"\/><span class=\"forminator-checkbox-box\" aria-hidden=\"true\"><\/span><span class=\"forminator-checkbox-label\">\u0645\u0646 18 \u0625\u0644\u0649 35 \u0633\u0646\u0629 (\u0634\u0628\u0627\u0628)<\/span><\/label><label id=\"forminator-field-checkbox-4-4-69dde72169aaa-label\" for=\"forminator-field-checkbox-4-4-69dde72169aaa\" class=\"forminator-checkbox forminator-checkbox-inline\" title=\"\u0645\u0646 36 \u0625\u0644\u0649 60 \u0633\u0646\u0629 (\u0643\u0647\u0648\u0644)\"><input type=\"checkbox\" name=\"checkbox-4[]\" value=\"\u0645\u0646-6-\u0625\u0644\u0649-12-\u0633\u0646\u0629-(\u0628\u0631\u0627\u0639\u0645)\" id=\"forminator-field-checkbox-4-4-69dde72169aaa\" aria-labelledby=\"forminator-field-checkbox-4-4-69dde72169aaa-label\" data-calculation=\"0\"   data-hidden-behavior=\"zero\"\/><span class=\"forminator-checkbox-box\" aria-hidden=\"true\"><\/span><span class=\"forminator-checkbox-label\">\u0645\u0646 36 \u0625\u0644\u0649 60 \u0633\u0646\u0629 (\u0643\u0647\u0648\u0644)<\/span><\/label><label id=\"forminator-field-checkbox-4-5-69dde72169aaa-label\" for=\"forminator-field-checkbox-4-5-69dde72169aaa\" class=\"forminator-checkbox forminator-checkbox-inline\" title=\"60 \u0633\u0646\u0629 \u0641\u0645\u0627 \u0641\u0648\u0642 (\u0645\u0633\u0646\u064a\u0646)\"><input type=\"checkbox\" name=\"checkbox-4[]\" value=\"\u0645\u0646-6-\u0625\u0644\u0649-12-\u0633\u0646\u0629-(\u0628\u0631\u0627\u0639\u0645)\" id=\"forminator-field-checkbox-4-5-69dde72169aaa\" aria-labelledby=\"forminator-field-checkbox-4-5-69dde72169aaa-label\" data-calculation=\"0\"   data-hidden-behavior=\"zero\"\/><span class=\"forminator-checkbox-box\" aria-hidden=\"true\"><\/span><span class=\"forminator-checkbox-label\">60 \u0633\u0646\u0629 \u0641\u0645\u0627 \u0641\u0648\u0642 (\u0645\u0633\u0646\u064a\u0646)<\/span><\/label><\/div><\/div><div id=\"checkbox-3\" class=\"forminator-field-checkbox forminator-col forminator-col-6 \"><div role=\"group\" class=\"forminator-field\" aria-labelledby=\"forminator-checkbox-group-69dde72169aaa-label\"><span id=\"forminator-checkbox-group-69dde72169aaa-label\" class=\"forminator-label\">\u0627\u0644\u0635\u0641\u0629 : \u0630\u0643\u0648\u0631<\/span><label id=\"forminator-field-checkbox-3-1-69dde72169aaa-label\" for=\"forminator-field-checkbox-3-1-69dde72169aaa\" class=\"forminator-checkbox forminator-checkbox-inline\" title=\"\u0645\u0646 6 \u0625\u0644\u0649 12 \u0633\u0646\u0629 (\u0628\u0631\u0627\u0639\u0645)\"><input type=\"checkbox\" name=\"checkbox-3[]\" value=\"one\" id=\"forminator-field-checkbox-3-1-69dde72169aaa\" aria-labelledby=\"forminator-field-checkbox-3-1-69dde72169aaa-label\" data-calculation=\"0\"   data-hidden-behavior=\"zero\"\/><span class=\"forminator-checkbox-box\" aria-hidden=\"true\"><\/span><span class=\"forminator-checkbox-label\">\u0645\u0646 6 \u0625\u0644\u0649 12 \u0633\u0646\u0629 (\u0628\u0631\u0627\u0639\u0645)<\/span><\/label><label id=\"forminator-field-checkbox-3-2-69dde72169aaa-label\" for=\"forminator-field-checkbox-3-2-69dde72169aaa\" class=\"forminator-checkbox forminator-checkbox-inline\" title=\"\u0645\u0646 13 \u0625\u0644\u0649 18 \u0633\u0646\u0629 (\u064a\u0641\u0639\u064a\u0646 )\"><input type=\"checkbox\" name=\"checkbox-3[]\" value=\"two\" id=\"forminator-field-checkbox-3-2-69dde72169aaa\" aria-labelledby=\"forminator-field-checkbox-3-2-69dde72169aaa-label\" data-calculation=\"0\"   data-hidden-behavior=\"zero\"\/><span class=\"forminator-checkbox-box\" aria-hidden=\"true\"><\/span><span class=\"forminator-checkbox-label\">\u0645\u0646 13 \u0625\u0644\u0649 18 \u0633\u0646\u0629 (\u064a\u0641\u0639\u064a\u0646 )<\/span><\/label><label id=\"forminator-field-checkbox-3-3-69dde72169aaa-label\" for=\"forminator-field-checkbox-3-3-69dde72169aaa\" class=\"forminator-checkbox forminator-checkbox-inline\" title=\"\u0645\u0646 18 \u0625\u0644\u0649 35 \u0633\u0646\u0629 (\u0634\u0628\u0627\u0628)\"><input type=\"checkbox\" name=\"checkbox-3[]\" value=\"\u0645\u0646-6-\u0625\u0644\u0649-12-\u0633\u0646\u0629-(\u0628\u0631\u0627\u0639\u0645)\" id=\"forminator-field-checkbox-3-3-69dde72169aaa\" aria-labelledby=\"forminator-field-checkbox-3-3-69dde72169aaa-label\" data-calculation=\"0\"   data-hidden-behavior=\"zero\"\/><span class=\"forminator-checkbox-box\" aria-hidden=\"true\"><\/span><span class=\"forminator-checkbox-label\">\u0645\u0646 18 \u0625\u0644\u0649 35 \u0633\u0646\u0629 (\u0634\u0628\u0627\u0628)<\/span><\/label><label id=\"forminator-field-checkbox-3-4-69dde72169aaa-label\" for=\"forminator-field-checkbox-3-4-69dde72169aaa\" class=\"forminator-checkbox forminator-checkbox-inline\" title=\"\u0645\u0646 36 \u0625\u0644\u0649 60 \u0633\u0646\u0629 (\u0643\u0647\u0648\u0644)\"><input type=\"checkbox\" name=\"checkbox-3[]\" value=\"\u0645\u0646-6-\u0625\u0644\u0649-12-\u0633\u0646\u0629-(\u0628\u0631\u0627\u0639\u0645)\" id=\"forminator-field-checkbox-3-4-69dde72169aaa\" aria-labelledby=\"forminator-field-checkbox-3-4-69dde72169aaa-label\" data-calculation=\"0\"   data-hidden-behavior=\"zero\"\/><span class=\"forminator-checkbox-box\" aria-hidden=\"true\"><\/span><span class=\"forminator-checkbox-label\">\u0645\u0646 36 \u0625\u0644\u0649 60 \u0633\u0646\u0629 (\u0643\u0647\u0648\u0644)<\/span><\/label><label id=\"forminator-field-checkbox-3-5-69dde72169aaa-label\" for=\"forminator-field-checkbox-3-5-69dde72169aaa\" class=\"forminator-checkbox forminator-checkbox-inline\" title=\"60 \u0633\u0646\u0629 \u0641\u0645\u0627 \u0641\u0648\u0642 (\u0645\u0633\u0646\u064a\u0646)\"><input type=\"checkbox\" name=\"checkbox-3[]\" value=\"\u0645\u0646-6-\u0625\u0644\u0649-12-\u0633\u0646\u0629-(\u0628\u0631\u0627\u0639\u0645)\" id=\"forminator-field-checkbox-3-5-69dde72169aaa\" aria-labelledby=\"forminator-field-checkbox-3-5-69dde72169aaa-label\" data-calculation=\"0\"   data-hidden-behavior=\"zero\"\/><span class=\"forminator-checkbox-box\" aria-hidden=\"true\"><\/span><span class=\"forminator-checkbox-label\">60 \u0633\u0646\u0629 \u0641\u0645\u0627 \u0641\u0648\u0642 (\u0645\u0633\u0646\u064a\u0646)<\/span><\/label><\/div><\/div><\/div><div class=\"forminator-row\"><div id=\"name-1\" class=\"forminator-field-name forminator-col forminator-col-12 \"><div class=\"forminator-field\"><label for=\"forminator-field-name-1_69dde72169aaa\" id=\"forminator-field-name-1_69dde72169aaa-label\" class=\"forminator-label\">\u0625\u0633\u0645 \u0648 \u0644\u0642\u0628 \u0627\u0644\u0645\u062c\u0627\u0632(\u0629)<\/label><input type=\"text\" name=\"name-1\" value=\"\" placeholder=\"\" id=\"forminator-field-name-1_69dde72169aaa\" class=\"forminator-input forminator-name--field\" aria-required=\"false\" \/><\/div><\/div><\/div><div class=\"forminator-row\"><div id=\"checkbox-5\" class=\"forminator-field-checkbox forminator-col forminator-col-12 \"><div role=\"group\" class=\"forminator-field required\" aria-labelledby=\"forminator-checkbox-group-69dde72169aaa-label\"><span id=\"forminator-checkbox-group-69dde72169aaa-label\" class=\"forminator-label\">: \u0627\u0644\u0635\u0641\u0629 <span class=\"forminator-required\">*<\/span><\/span><label id=\"forminator-field-checkbox-5-1-69dde72169aaa-label\" for=\"forminator-field-checkbox-5-1-69dde72169aaa\" class=\"forminator-checkbox forminator-checkbox-inline\" title=\"\u062a\u0644\u0645\u064a\u0630(\u0629)\"><input type=\"checkbox\" name=\"checkbox-5[]\" value=\"two\" id=\"forminator-field-checkbox-5-1-69dde72169aaa\" aria-labelledby=\"forminator-field-checkbox-5-1-69dde72169aaa-label\" data-calculation=\"0\"   data-hidden-behavior=\"zero\"\/><span class=\"forminator-checkbox-box\" aria-hidden=\"true\"><\/span><span class=\"forminator-checkbox-label\">\u062a\u0644\u0645\u064a\u0630(\u0629)<\/span><\/label><label id=\"forminator-field-checkbox-5-2-69dde72169aaa-label\" for=\"forminator-field-checkbox-5-2-69dde72169aaa\" class=\"forminator-checkbox forminator-checkbox-inline\" title=\"\u0637\u0627\u0644\u0628(\u0629)\"><input type=\"checkbox\" name=\"checkbox-5[]\" value=\"\u0637\u0627\u0644\u0628(\u0629)\" id=\"forminator-field-checkbox-5-2-69dde72169aaa\" aria-labelledby=\"forminator-field-checkbox-5-2-69dde72169aaa-label\" data-calculation=\"0\"   data-hidden-behavior=\"zero\"\/><span class=\"forminator-checkbox-box\" aria-hidden=\"true\"><\/span><span class=\"forminator-checkbox-label\">\u0637\u0627\u0644\u0628(\u0629)<\/span><\/label><label id=\"forminator-field-checkbox-5-3-69dde72169aaa-label\" for=\"forminator-field-checkbox-5-3-69dde72169aaa\" class=\"forminator-checkbox forminator-checkbox-inline\" title=\"\u064a\u0632\u0627\u0648\u0644 \u062a\u0643\u0648\u064a\u0646\"><input type=\"checkbox\" name=\"checkbox-5[]\" value=\"\u064a\u0632\u0627\u0648\u0644-\u062a\u0643\u0648\u064a\u0646\" id=\"forminator-field-checkbox-5-3-69dde72169aaa\" aria-labelledby=\"forminator-field-checkbox-5-3-69dde72169aaa-label\" data-calculation=\"0\"   data-hidden-behavior=\"zero\"\/><span class=\"forminator-checkbox-box\" aria-hidden=\"true\"><\/span><span class=\"forminator-checkbox-label\">\u064a\u0632\u0627\u0648\u0644 \u062a\u0643\u0648\u064a\u0646<\/span><\/label><label id=\"forminator-field-checkbox-5-4-69dde72169aaa-label\" for=\"forminator-field-checkbox-5-4-69dde72169aaa\" class=\"forminator-checkbox forminator-checkbox-inline\" title=\"\u0645\u0646\u0642\u0637\u0639 \u0639\u0644\u0649 \u0627\u0644\u062f\u0631\u0627\u0633\u0629\"><input type=\"checkbox\" name=\"checkbox-5[]\" value=\"\u0645\u0646\u0642\u0637\u0639-\u0639\u0644\u0649-\u0627\u0644\u062f\u0631\u0627\u0633\u0629\" id=\"forminator-field-checkbox-5-4-69dde72169aaa\" aria-labelledby=\"forminator-field-checkbox-5-4-69dde72169aaa-label\" data-calculation=\"0\"   data-hidden-behavior=\"zero\"\/><span class=\"forminator-checkbox-box\" aria-hidden=\"true\"><\/span><span class=\"forminator-checkbox-label\">\u0645\u0646\u0642\u0637\u0639 \u0639\u0644\u0649 \u0627\u0644\u062f\u0631\u0627\u0633\u0629<\/span><\/label><label id=\"forminator-field-checkbox-5-5-69dde72169aaa-label\" for=\"forminator-field-checkbox-5-5-69dde72169aaa\" class=\"forminator-checkbox forminator-checkbox-inline\" title=\"(\u062a)\u064a\u0639\u0645\u0644\"><input type=\"checkbox\" name=\"checkbox-5[]\" value=\"(\u062a)\u0639\u0645\u0644\" id=\"forminator-field-checkbox-5-5-69dde72169aaa\" aria-labelledby=\"forminator-field-checkbox-5-5-69dde72169aaa-label\" data-calculation=\"0\"   data-hidden-behavior=\"zero\"\/><span class=\"forminator-checkbox-box\" aria-hidden=\"true\"><\/span><span class=\"forminator-checkbox-label\">(\u062a)\u064a\u0639\u0645\u0644<\/span><\/label><\/div><\/div><\/div><div class=\"forminator-row\"><div id=\"checkbox-6\" class=\"forminator-field-checkbox forminator-col forminator-col-12 \"><div role=\"group\" class=\"forminator-field required\" aria-labelledby=\"forminator-checkbox-group-69dde72169aaa-label\"><span id=\"forminator-checkbox-group-69dde72169aaa-label\" class=\"forminator-label\">: \u0645\u0646 \u0630\u0648\u064a \u0627\u0644\u0647\u0645\u0645 <span class=\"forminator-required\">*<\/span><\/span><label id=\"forminator-field-checkbox-6-1-69dde72169aaa-label\" for=\"forminator-field-checkbox-6-1-69dde72169aaa\" class=\"forminator-checkbox forminator-checkbox-inline\" title=\"\u0646\u0639\u0645\"><input type=\"checkbox\" name=\"checkbox-6[]\" value=\"\u0645\u0646\u0642\u0637\u0639-\u0639\u0644\u0649-\u0627\u0644\u062f\u0631\u0627\u0633\u0629\" id=\"forminator-field-checkbox-6-1-69dde72169aaa\" aria-labelledby=\"forminator-field-checkbox-6-1-69dde72169aaa-label\" data-calculation=\"0\"   data-hidden-behavior=\"zero\"\/><span class=\"forminator-checkbox-box\" aria-hidden=\"true\"><\/span><span class=\"forminator-checkbox-label\">\u0646\u0639\u0645<\/span><\/label><label id=\"forminator-field-checkbox-6-2-69dde72169aaa-label\" for=\"forminator-field-checkbox-6-2-69dde72169aaa\" class=\"forminator-checkbox forminator-checkbox-inline\" title=\"\u0644\u0627\"><input type=\"checkbox\" name=\"checkbox-6[]\" value=\"(\u062a)\u0639\u0645\u0644\" id=\"forminator-field-checkbox-6-2-69dde72169aaa\" aria-labelledby=\"forminator-field-checkbox-6-2-69dde72169aaa-label\" data-calculation=\"0\"   data-hidden-behavior=\"zero\"\/><span class=\"forminator-checkbox-box\" aria-hidden=\"true\"><\/span><span class=\"forminator-checkbox-label\">\u0644\u0627<\/span><\/label><\/div><\/div><\/div><div class=\"forminator-row\"><div id=\"text-1\" class=\"forminator-field-text forminator-col forminator-col-12 \"><div class=\"forminator-field\"><label for=\"forminator-field-text-1_69dde72169aaa\" id=\"forminator-field-text-1_69dde72169aaa-label\" class=\"forminator-label\">\u0627\u0644\u0639\u0646\u0648\u0627\u0646<\/label><input type=\"text\" name=\"text-1\" value=\"\" placeholder=\"\" id=\"forminator-field-text-1_69dde72169aaa\" class=\"forminator-input forminator-name--field\" data-required=\"\" \/><\/div><\/div><\/div><div class=\"forminator-row\"><div id=\"text-2\" class=\"forminator-field-text forminator-col forminator-col-12 \"><div class=\"forminator-field\"><label for=\"forminator-field-text-2_69dde72169aaa\" id=\"forminator-field-text-2_69dde72169aaa-label\" class=\"forminator-label\">\u0627\u0644\u0645\u0624\u0633\u0633\u0629 \u0627\u0644\u062a\u0631\u0628\u0648\u064a\u0629\/ \u0627\u0644\u062c\u0627\u0645\u0639\u064a\u0629 \u0627\u0644\u062a\u064a \u064a\u0646\u062a\u0645\u064a \u0625\u0644\u064a\u0647\u0627<\/label><input type=\"text\" name=\"text-2\" value=\"\" placeholder=\"\" id=\"forminator-field-text-2_69dde72169aaa\" class=\"forminator-input forminator-name--field\" data-required=\"\" \/><\/div><\/div><\/div><div class=\"forminator-row\"><div id=\"upload-2\" class=\"forminator-field-upload forminator-col forminator-col-12 \"><div class=\"forminator-field\"><label for=\"forminator-field-upload-2_69dde72169aaa\" id=\"forminator-field-upload-2_69dde72169aaa-label\" class=\"forminator-label\">signature image<\/label><div class=\"forminator-file-upload \" data-element=\"upload-2_69dde72169aaa\"><input type=\"file\" name=\"upload-2\" id=\"forminator-field-upload-2_69dde72169aaa\" class=\"forminator-input-file\" accept=\".jpg,.jpeg,.jpe,.gif,.png,.bmp,.tiff,.tif,.webp,.avif,.ico,.heic,.asf,.asx,.wmv,.wmx,.wm,.avi,.divx,.flv,.mov,.qt,.mpeg,.mpg,.mpe,.mp4,.m4v,.ogv,.webm,.mkv,.3gp,.3gpp,.3g2,.3gp2,.txt,.asc,.c,.cc,.h,.srt,.csv,.tsv,.ics,.rtx,.css,.htm,.html,.vtt,.dfxp,.mp3,.m4a,.m4b,.aac,.ra,.ram,.wav,.ogg,.oga,.flac,.mid,.midi,.wma,.wax,.mka,.rtf,.js,.pdf,.class,.tar,.zip,.gz,.gzip,.rar,.7z,.psd,.xcf,.doc,.pot,.pps,.ppt,.wri,.xla,.xls,.xlt,.xlw,.mdb,.mpp,.docx,.docm,.dotx,.dotm,.xlsx,.xlsm,.xlsb,.xltx,.xltm,.xlam,.pptx,.pptm,.ppsx,.ppsm,.potx,.potm,.ppam,.sldx,.sldm,.onetoc,.onetoc2,.onetmp,.onepkg,.oxps,.xps,.odt,.odp,.ods,.odg,.odc,.odb,.odf,.wp,.wpd,.key,.numbers,.pages,.json\"><button id=\"forminator-field-upload-2_69dde72169aaa_button\" class=\"forminator-button forminator-button-upload\" data-id=\"forminator-field-upload-2_69dde72169aaa\">Choisissez un fichier<\/button><span data-empty-text=\"Aucun fichier s\u00e9lectionn\u00e9\">Aucun fichier s\u00e9lectionn\u00e9<\/span><button class=\"forminator-button-delete\" style=\"display: none;\"><i class=\"forminator-icon-close\" aria-hidden=\"true\"><\/i><span class=\"forminator-screen-reader-only\">Supprimer le fichier t\u00e9l\u00e9vers\u00e9<\/span><\/button><\/div><\/div><\/div><\/div><input type=\"hidden\" name=\"referer_url\" value=\"\" \/><div class=\"forminator-row forminator-row-last\"><div class=\"forminator-col\"><div class=\"forminator-field\"><button class=\"forminator-button forminator-button-submit\">ENVOYER<\/button><\/div><\/div><\/div><input type=\"hidden\" id=\"forminator_nonce\" name=\"forminator_nonce\" value=\"b3bf9da283\" \/><input type=\"hidden\" name=\"_wp_http_referer\" value=\"\/index.php\/wp-json\/wp\/v2\/pages\/1378\" \/><input type=\"hidden\" name=\"form_id\" value=\"1371\"><input type=\"hidden\" name=\"page_id\" value=\"1378\"><input type=\"hidden\" name=\"form_type\" value=\"default\"><input type=\"hidden\" name=\"current_url\" value=\"https:\/\/www.ftspt.com\/index.php\/test-matleb-ijaza\/\"><input type=\"hidden\" name=\"render_id\" value=\"0\"><input type=\"hidden\" name=\"action\" value=\"forminator_submit_form_custom-forms\"><\/form>\n","protected":false},"excerpt":{"rendered":"","protected":false},"author":2,"featured_media":0,"parent":0,"menu_order":0,"comment_status":"closed","ping_status":"closed","template":"","meta":{"_eb_attr":"","_EventAllDay":false,"_EventTimezone":"","_EventStartDate":"","_EventEndDate":"","_EventStartDateUTC":"","_EventEndDateUTC":"","_EventShowMap":false,"_EventShowMapLink":false,"_EventURL":"","_EventCost":"","_EventCostDescription":"","_EventCurrencySymbol":"","_EventCurrencyCode":"","_EventCurrencyPosition":"","_EventDateTimeSeparator":"","_EventTimeRangeSeparator":"","_EventOrganizerID":[],"_EventVenueID":[],"_OrganizerEmail":"","_OrganizerPhone":"","_OrganizerWebsite":"","_VenueAddress":"","_VenueCity":"","_VenueCountry":"","_VenueProvince":"","_VenueState":"","_VenueZip":"","_VenuePhone":"","_VenueURL":"","_VenueStateProvince":"","_VenueLat":"","_VenueLng":"","_VenueShowMap":false,"_VenueShowMapLink":false,"footnotes":""},"class_list":["post-1378","page","type-page","status-publish","hentry"],"_links":{"self":[{"href":"https:\/\/www.ftspt.com\/index.php\/wp-json\/wp\/v2\/pages\/1378"}],"collection":[{"href":"https:\/\/www.ftspt.com\/index.php\/wp-json\/wp\/v2\/pages"}],"about":[{"href":"https:\/\/www.ftspt.com\/index.php\/wp-json\/wp\/v2\/types\/page"}],"author":[{"embeddable":true,"href":"https:\/\/www.ftspt.com\/index.php\/wp-json\/wp\/v2\/users\/2"}],"replies":[{"embeddable":true,"href":"https:\/\/www.ftspt.com\/index.php\/wp-json\/wp\/v2\/comments?post=1378"}],"version-history":[{"count":3,"href":"https:\/\/www.ftspt.com\/index.php\/wp-json\/wp\/v2\/pages\/1378\/revisions"}],"predecessor-version":[{"id":1382,"href":"https:\/\/www.ftspt.com\/index.php\/wp-json\/wp\/v2\/pages\/1378\/revisions\/1382"}],"wp:attachment":[{"href":"https:\/\/www.ftspt.com\/index.php\/wp-json\/wp\/v2\/media?parent=1378"}],"curies":[{"name":"wp","href":"https:\/\/api.w.org\/{rel}","templated":true}]}}