{"id":1420,"date":"2024-06-27T13:34:51","date_gmt":"2024-06-27T11:34:51","guid":{"rendered":"https:\/\/www.ftspt.com\/?page_id=1420"},"modified":"2024-08-16T15:47:36","modified_gmt":"2024-08-16T14:47:36","slug":"vision","status":"publish","type":"page","link":"https:\/\/www.ftspt.com\/index.php\/vision\/","title":{"rendered":"Vision 2024-2028"},"content":{"rendered":"\n<div class=\"wp-block-essential-blocks-wrapper alignfull  root-eb-wrapper-40b9qql\"><div class=\"eb-parent-wrapper eb-parent-eb-wrapper-40b9qql \"><div class=\"eb-wrapper-outer eb-wrapper-40b9qql\"><div class=\"eb-wrapper-inner\"><div class=\"eb-wrapper-inner-blocks eb-wrapper-align-center\">\n<div class=\"wp-block-essential-blocks-row alignfull  root-eb-row-iudk77a\"><div class=\"eb-parent-wrapper eb-parent-eb-row-iudk77a \"><div class=\"eb-row-root-container eb-row-iudk77a\" data-id=\"eb-row-iudk77a\"><div class=\"eb-row-wrapper\"><div class=\"eb-row-inner\">\n<div class=\"wp-block-essential-blocks-column  root-eb-column-crv5ksf\"><div class=\"eb-parent-wrapper eb-parent-eb-column-crv5ksf \"><div class=\"eb-column-wrapper eb-column-crv5ksf\"><div class=\"eb-column-inner\">\n<main class=\"wp-block-group has-light-color-background-color has-background is-layout-constrained wp-container-core-group-is-layout-4 wp-block-group-is-layout-constrained\" style=\"padding-top:0;padding-right:0;padding-bottom:0;padding-left:0\">\n<div class=\"wp-block-group has-light-color-background-color has-background is-layout-constrained wp-container-core-group-is-layout-2 wp-block-group-is-layout-constrained\" style=\"border-bottom-style:none;border-bottom-width:0px;margin-top:0;margin-bottom:0;padding-top:80px;padding-right:var(--wp--preset--spacing--40);padding-bottom:0px;padding-left:var(--wp--preset--spacing--40)\">\n<div class=\"wp-block-columns is-layout-flex wp-container-core-columns-is-layout-1 wp-block-columns-is-layout-flex\">\n<div class=\"wp-block-column blockbooster-fade-up is-layout-flow wp-block-column-is-layout-flow\">\n<div class=\"wp-block-group blockbooster-service-box has-light-shade-background-color has-background is-layout-constrained wp-container-core-group-is-layout-1 wp-block-group-is-layout-constrained\" style=\"border-style:none;border-width:0px;border-radius:12px;padding-top:24px;padding-right:24px;padding-bottom:24px;padding-left:24px\">\n<figure class=\"wp-block-image aligncenter size-full is-resized has-custom-border\"><img decoding=\"async\" src=\"https:\/\/www.ftspt.com\/wp-content\/themes\/blockbooster\/assets\/images\/icon_service_2.jpg\" alt=\"\" class=\"wp-image-3928\" style=\"border-radius:7px;width:82px\"\/><\/figure>\n\n\n\n<h4 class=\"wp-block-heading has-text-align-center has-big-font-size\" style=\"margin-top:30px\"><strong>Strat\u00e9gie F\u00e9d\u00e9ration Tunisienne de Sport pour Tous<\/strong><\/h4>\n\n\n\n<p>Un changement significatif et positif n\u00e9cessite une approche audacieuse et globale. O\u00f9 appara\u00eet la recherche<br>Il existe une relation positive entre l\u2019activit\u00e9 physique et la sant\u00e9, ce qui conduit \u00e0 une am\u00e9lioration<br>Activit\u00e9 \u00e9conomique et am\u00e9lioration de la qualit\u00e9 de vie.<br>La nouvelle strat\u00e9gie de la F\u00e9d\u00e9ration Tunisienne du Sport pour Tous fixe le cadre d&rsquo;une plus grande patrie<br>Sant\u00e9 et activit\u00e9. L&rsquo;inclusivit\u00e9 est un pilier fondamental de notre strat\u00e9gie et est soutenue par des initiatives<br>Con\u00e7u pour les groupes d\u2019\u00e2ge et les donn\u00e9es d\u00e9mographiques sensibles.<\/p>\n<\/div>\n<\/div>\n<\/div>\n<\/div>\n\n\n\n<div class=\"wp-block-group is-layout-constrained wp-container-core-group-is-layout-3 wp-block-group-is-layout-constrained\" style=\"margin-top:0;margin-bottom:0;padding-top:0;padding-right:0;padding-bottom:0;padding-left:0\">\n<figure class=\"wp-block-image size-large\"><img fetchpriority=\"high\" decoding=\"async\" width=\"1024\" height=\"582\" src=\"https:\/\/www.ftspt.com\/wp-content\/uploads\/2024\/06\/image-65-1024x582.png\" alt=\"\" class=\"wp-image-1478\" srcset=\"https:\/\/www.ftspt.com\/wp-content\/uploads\/2024\/06\/image-65-1024x582.png 1024w, https:\/\/www.ftspt.com\/wp-content\/uploads\/2024\/06\/image-65-300x170.png 300w, https:\/\/www.ftspt.com\/wp-content\/uploads\/2024\/06\/image-65-768x436.png 768w, https:\/\/www.ftspt.com\/wp-content\/uploads\/2024\/06\/image-65.png 1026w\" sizes=\"(max-width: 1024px) 100vw, 1024px\" \/><\/figure>\n<\/div>\n<\/main>\n\n\n\n<div class=\"wp-block-buttons is-layout-flex wp-block-buttons-is-layout-flex\">\n<div class=\"wp-block-button blockbooster-scrollto-top is-style-button-hover-secondary-bgcolor\"><a class=\"wp-block-button__link has-foregound-alt-color has-tertiary-background-color has-text-color has-background wp-element-button\" style=\"border-radius:50%\">Scroll to Top<\/a><\/div>\n<\/div>\n<\/div><\/div><\/div><\/div>\n<\/div><\/div><\/div><\/div><\/div>\n<\/div><\/div><\/div><\/div><\/div>\n\n\n\n<div class=\"wp-block-group has-light-color-background-color has-background is-layout-constrained wp-container-core-group-is-layout-5 wp-block-group-is-layout-constrained\" style=\"margin-top:0;margin-bottom:0;padding-top:var(--wp--preset--spacing--80);padding-right:var(--wp--preset--spacing--40);padding-bottom:var(--wp--preset--spacing--80);padding-left:var(--wp--preset--spacing--40)\">\n<div class=\"wp-block-columns are-vertically-aligned-center is-layout-flex wp-container-core-columns-is-layout-2 wp-block-columns-is-layout-flex\" style=\"margin-top:0px\">\n<div class=\"wp-block-column is-vertically-aligned-center is-layout-flow wp-block-column-is-layout-flow\">\n<figure class=\"wp-block-image size-full\"><img decoding=\"async\" width=\"1280\" height=\"960\" src=\"https:\/\/www.ftspt.com\/wp-content\/uploads\/2024\/06\/image-8.png\" alt=\"\" class=\"wp-image-901\" srcset=\"https:\/\/www.ftspt.com\/wp-content\/uploads\/2024\/06\/image-8.png 1280w, https:\/\/www.ftspt.com\/wp-content\/uploads\/2024\/06\/image-8-300x225.png 300w, https:\/\/www.ftspt.com\/wp-content\/uploads\/2024\/06\/image-8-1024x768.png 1024w, https:\/\/www.ftspt.com\/wp-content\/uploads\/2024\/06\/image-8-768x576.png 768w\" sizes=\"(max-width: 1280px) 100vw, 1280px\" \/><\/figure>\n<\/div>\n\n\n\n<div class=\"wp-block-column is-vertically-aligned-center is-layout-flow wp-block-column-is-layout-flow\">\n<h1 class=\"wp-block-heading has-xx-large-font-size\" style=\"font-style:normal;font-weight:600;line-height:1.3\"><\/h1>\n\n\n\n<p>La strat\u00e9gie est \u00e9galement consid\u00e9r\u00e9e comme une approche collaborative, en travaillant avec des partenaires de chaque secteur.<br>Des secteurs public et priv\u00e9 pour cr\u00e9er des initiatives percutantes qui motivent les gens \u00e0 agir Il maintient leur activit\u00e9 sur le long terme. Notre strat\u00e9gie \u00e0 la F\u00e9d\u00e9ration Tunisienne du Sport pour Tous fixe une feuille de route Soutient clairement le programme \u00ab Sports citoyens \u00bb qui s\u2019inscrit dans la vision du minist\u00e8re de la Jeunesse<br>Et le sport. Notre approche est soutenue par la transparence et la responsabilit\u00e9, et nous en mesurerons le retour.<br>Accent social sur nos activit\u00e9s et initiatives pour garantir que nous contribuons \u00e0 cr\u00e9er des communaut\u00e9s Elle est plus saine, plus participative, plus dynamique et plus active \u00e9conomiquement.<br>Nous travaillerons \u00e9galement \u00e0 inviter et sensibiliser nos associations, nos partenaires et la soci\u00e9t\u00e9 civile.<br>Et toutes les parties prenantes \u00e0 nous rejoindre pour atteindre notre objectif et rendre l&rsquo;activit\u00e9 physique r\u00e9guli\u00e8re<br>Une partie de la vie de notre pays.<\/p>\n\n\n\n<div class=\"wp-block-buttons is-layout-flex wp-block-buttons-is-layout-flex\"><\/div>\n<\/div>\n<\/div>\n\n\n\n<p><\/p>\n\n\n\n<p><\/p>\n\n\n\n<h2 class=\"wp-block-heading has-text-align-center\">Nos Investissements dans les ann\u00e9es prochaines<\/h2>\n\n\n\n<figure class=\"wp-block-image size-full is-resized\"><img decoding=\"async\" width=\"814\" height=\"538\" src=\"https:\/\/www.ftspt.com\/wp-content\/uploads\/2024\/06\/image-66.png\" alt=\"\" class=\"wp-image-1479\" style=\"width:945px;height:auto\" srcset=\"https:\/\/www.ftspt.com\/wp-content\/uploads\/2024\/06\/image-66.png 814w, https:\/\/www.ftspt.com\/wp-content\/uploads\/2024\/06\/image-66-300x198.png 300w, https:\/\/www.ftspt.com\/wp-content\/uploads\/2024\/06\/image-66-768x508.png 768w\" sizes=\"(max-width: 814px) 100vw, 814px\" \/><\/figure>\n\n\n\n<p><\/p>\n\n\n\n<p><\/p>\n\n\n\n<h2 class=\"wp-block-heading has-text-align-center\">Nos Investissements<\/h2>\n\n\n\n<figure class=\"wp-block-image size-full is-resized\"><img loading=\"lazy\" decoding=\"async\" width=\"828\" height=\"538\" src=\"https:\/\/www.ftspt.com\/wp-content\/uploads\/2024\/06\/image-67.png\" alt=\"\" class=\"wp-image-1480\" style=\"width:944px;height:auto\" srcset=\"https:\/\/www.ftspt.com\/wp-content\/uploads\/2024\/06\/image-67.png 828w, https:\/\/www.ftspt.com\/wp-content\/uploads\/2024\/06\/image-67-300x195.png 300w, https:\/\/www.ftspt.com\/wp-content\/uploads\/2024\/06\/image-67-768x499.png 768w\" sizes=\"(max-width: 828px) 100vw, 828px\" \/><\/figure>\n\n\n\n<p><\/p>\n\n\n\n<p><\/p>\n\n\n\n<h2 class=\"wp-block-heading has-text-align-center\">Les axes principaux de la Strat\u00e9gie FTSPT<\/h2>\n\n\n\n<figure class=\"wp-block-image aligncenter size-full is-resized\"><img loading=\"lazy\" decoding=\"async\" width=\"828\" height=\"415\" src=\"https:\/\/www.ftspt.com\/wp-content\/uploads\/2024\/06\/image-68.png\" alt=\"\" class=\"wp-image-1481\" style=\"width:733px;height:auto\" srcset=\"https:\/\/www.ftspt.com\/wp-content\/uploads\/2024\/06\/image-68.png 828w, https:\/\/www.ftspt.com\/wp-content\/uploads\/2024\/06\/image-68-300x150.png 300w, https:\/\/www.ftspt.com\/wp-content\/uploads\/2024\/06\/image-68-768x385.png 768w\" sizes=\"(max-width: 828px) 100vw, 828px\" \/><\/figure>\n\n\n\n<p><\/p>\n\n\n\n<p><\/p>\n\n\n\n<h2 class=\"wp-block-heading has-text-align-center\">Cadre Strat\u00e9giques<\/h2>\n\n\n\n<figure class=\"wp-block-image aligncenter size-full\"><img loading=\"lazy\" decoding=\"async\" width=\"754\" height=\"543\" src=\"https:\/\/www.ftspt.com\/wp-content\/uploads\/2024\/06\/image-69.png\" alt=\"\" class=\"wp-image-1482\" srcset=\"https:\/\/www.ftspt.com\/wp-content\/uploads\/2024\/06\/image-69.png 754w, https:\/\/www.ftspt.com\/wp-content\/uploads\/2024\/06\/image-69-300x216.png 300w\" sizes=\"(max-width: 754px) 100vw, 754px\" \/><\/figure>\n<\/div>\n","protected":false},"excerpt":{"rendered":"<p>La strat\u00e9gie est \u00e9galement consid\u00e9r\u00e9e comme une approche collaborative, en travaillant avec des partenaires de chaque secteur.Des secteurs public et priv\u00e9 pour cr\u00e9er des initiatives percutantes qui motivent les gens&#8230;<\/p>\n","protected":false},"author":2,"featured_media":0,"parent":0,"menu_order":0,"comment_status":"closed","ping_status":"closed","template":"","meta":{"_eb_attr":"","_EventAllDay":false,"_EventTimezone":"","_EventStartDate":"","_EventEndDate":"","_EventStartDateUTC":"","_EventEndDateUTC":"","_EventShowMap":false,"_EventShowMapLink":false,"_EventURL":"","_EventCost":"","_EventCostDescription":"","_EventCurrencySymbol":"","_EventCurrencyCode":"","_EventCurrencyPosition":"","_EventDateTimeSeparator":"","_EventTimeRangeSeparator":"","_EventOrganizerID":[],"_EventVenueID":[],"_OrganizerEmail":"","_OrganizerPhone":"","_OrganizerWebsite":"","_VenueAddress":"","_VenueCity":"","_VenueCountry":"","_VenueProvince":"","_VenueState":"","_VenueZip":"","_VenuePhone":"","_VenueURL":"","_VenueStateProvince":"","_VenueLat":"","_VenueLng":"","_VenueShowMap":false,"_VenueShowMapLink":false,"footnotes":""},"class_list":["post-1420","page","type-page","status-publish","hentry"],"_links":{"self":[{"href":"https:\/\/www.ftspt.com\/index.php\/wp-json\/wp\/v2\/pages\/1420"}],"collection":[{"href":"https:\/\/www.ftspt.com\/index.php\/wp-json\/wp\/v2\/pages"}],"about":[{"href":"https:\/\/www.ftspt.com\/index.php\/wp-json\/wp\/v2\/types\/page"}],"author":[{"embeddable":true,"href":"https:\/\/www.ftspt.com\/index.php\/wp-json\/wp\/v2\/users\/2"}],"replies":[{"embeddable":true,"href":"https:\/\/www.ftspt.com\/index.php\/wp-json\/wp\/v2\/comments?post=1420"}],"version-history":[{"count":9,"href":"https:\/\/www.ftspt.com\/index.php\/wp-json\/wp\/v2\/pages\/1420\/revisions"}],"predecessor-version":[{"id":1531,"href":"https:\/\/www.ftspt.com\/index.php\/wp-json\/wp\/v2\/pages\/1420\/revisions\/1531"}],"wp:attachment":[{"href":"https:\/\/www.ftspt.com\/index.php\/wp-json\/wp\/v2\/media?parent=1420"}],"curies":[{"name":"wp","href":"https:\/\/api.w.org\/{rel}","templated":true}]}}