{"id":34,"date":"2024-05-30T14:50:23","date_gmt":"2024-05-30T12:50:23","guid":{"rendered":"https:\/\/www.ftspt.com\/?page_id=34"},"modified":"2024-06-09T23:03:30","modified_gmt":"2024-06-09T21:03:30","slug":"history","status":"publish","type":"page","link":"https:\/\/www.ftspt.com\/index.php\/history\/","title":{"rendered":""},"content":{"rendered":"\n<main class=\"wp-block-group has-light-color-background-color has-background is-layout-constrained wp-container-core-group-is-layout-3 wp-block-group-is-layout-constrained\" style=\"margin-top:0;margin-bottom:0;padding-top:0;padding-right:0;padding-bottom:0;padding-left:0\">\n<div class=\"wp-block-cover is-style-default\" style=\"padding-top:var(--wp--preset--spacing--50);padding-right:var(--wp--preset--spacing--40);padding-bottom:var(--wp--preset--spacing--50);padding-left:var(--wp--preset--spacing--40);min-height:360px;aspect-ratio:unset;\"><span aria-hidden=\"true\" class=\"wp-block-cover__background has-primary-background-color has-background-dim-80 has-background-dim\"><\/span><img fetchpriority=\"high\" decoding=\"async\" width=\"329\" height=\"153\" class=\"wp-block-cover__image-background wp-image-846\" alt=\"\" src=\"https:\/\/www.ftspt.com\/wp-content\/uploads\/2024\/06\/download.jpg\" data-object-fit=\"cover\" srcset=\"https:\/\/www.ftspt.com\/wp-content\/uploads\/2024\/06\/download.jpg 329w, https:\/\/www.ftspt.com\/wp-content\/uploads\/2024\/06\/download-300x140.jpg 300w\" sizes=\"(max-width: 329px) 100vw, 329px\" \/><div class=\"wp-block-cover__inner-container is-layout-constrained wp-container-core-cover-is-layout-1 wp-block-cover-is-layout-constrained\">\n<h1 class=\"wp-block-heading has-text-align-center has-light-color-color has-text-color has-link-color has-xx-large-font-size wp-elements-a6243825097fc50f17ac8fef31d5dc51\" style=\"font-style:normal;font-weight:600\"><br>Notre Histoire<\/h1>\n\n\n\n<p class=\"has-text-align-center has-light-shade-color has-text-color has-link-color has-normal-font-size wp-elements-54700b4cd5f0114b81b233c81e1c8576\"><\/p>\n<\/div><\/div>\n\n\n\n<div class=\"wp-block-group has-light-color-background-color has-background is-layout-constrained wp-container-core-group-is-layout-1 wp-block-group-is-layout-constrained\" style=\"margin-top:0;margin-bottom:0;padding-top:var(--wp--preset--spacing--80);padding-right:var(--wp--preset--spacing--40);padding-bottom:var(--wp--preset--spacing--80);padding-left:var(--wp--preset--spacing--40)\">\n<div class=\"wp-block-columns are-vertically-aligned-center is-layout-flex wp-container-core-columns-is-layout-1 wp-block-columns-is-layout-flex\" style=\"margin-top:0px\">\n<div class=\"wp-block-column is-vertically-aligned-center is-layout-flow wp-block-column-is-layout-flow\" style=\"flex-basis:35%\">\n<figure class=\"wp-block-image size-full\"><img decoding=\"async\" width=\"600\" height=\"400\" src=\"https:\/\/www.ftspt.com\/wp-content\/uploads\/2024\/06\/WhatsApp-Image-2024-06-08-at-23.32.51.jpeg\" alt=\"\" class=\"wp-image-968\" srcset=\"https:\/\/www.ftspt.com\/wp-content\/uploads\/2024\/06\/WhatsApp-Image-2024-06-08-at-23.32.51.jpeg 600w, https:\/\/www.ftspt.com\/wp-content\/uploads\/2024\/06\/WhatsApp-Image-2024-06-08-at-23.32.51-300x200.jpeg 300w\" sizes=\"(max-width: 600px) 100vw, 600px\" \/><\/figure>\n<\/div>\n\n\n\n<div class=\"wp-block-column is-vertically-aligned-center is-layout-flow wp-block-column-is-layout-flow\">\n<h1 class=\"wp-block-heading has-xx-large-font-size\" style=\"font-style:normal;font-weight:600;line-height:1.3\">Mission<\/h1>\n\n\n\n<p>Qu\u2019entend-on par sport pour tous : Il s&rsquo;agit de donner la possibilit\u00e9 \u00e0 tous les segments de la soci\u00e9t\u00e9, quels que soient leur \u00e2ge, leur cercle social et leur sexe, de pratiquer Activit\u00e9s sportives et physiques.<\/p>\n\n\n\n<p>Cette pratique prend de nombreuses formes, dont certaines se pratiquent dans un cadre organis\u00e9, comme l&rsquo;\u00e9ducation physique et l&rsquo;engagement.<\/p>\n\n\n\n<p>Associations ou organismes participant au sport scolaire, civil ou professionnel, y compris ceux pratiqu\u00e9s dans un cadre Non organis\u00e9, comme la pratique d&rsquo;activit\u00e9s physiques individuelles ou en groupe, comme la marche ou la marche en plein air<br>Une promenade saine, sur un terrain de sport, ou encore faire des exercices matinaux. Selon le Comit\u00e9 International Olympique, le sport pour tous inclut tous les types de sports \u00e0 l&rsquo;exception des sports d&rsquo;\u00e9lite.<\/p>\n<\/div>\n<\/div>\n\n\n\n<div class=\"wp-block-columns are-vertically-aligned-center is-layout-flex wp-container-core-columns-is-layout-2 wp-block-columns-is-layout-flex\" style=\"margin-top:120px\">\n<div class=\"wp-block-column is-vertically-aligned-center is-layout-flow wp-block-column-is-layout-flow\">\n<h1 class=\"wp-block-heading has-xx-large-font-size\" style=\"font-style:normal;font-weight:600;line-height:1.3\">Vision<\/h1>\n\n\n\n<p>Le sport pour tous offre \u00e0 chacun la possibilit\u00e9 de participer Activit\u00e9 physique ou de mouvement selon le principe et le slogan pour devenir tout Un individu dans son sport, et qu&rsquo;il y ait un sport pour chacun. Le sport pour tous est un ph\u00e9nom\u00e8ne de soci\u00e9t\u00e9 contemporain qui prend le dessus Le processus de d\u00e9fense de l&rsquo;individu contre les variables de la soci\u00e9t\u00e9 technique Les plus importants sont le manque de mouvement, l&rsquo;ob\u00e9sit\u00e9 et l&rsquo;augmentation du temps L&rsquo;espace inutilis\u00e9 et la pollution de l&rsquo;environnement, ainsi que sa protection contre Maladies modernes associ\u00e9es aux maladies cardiovasculaires Maladies sanguines et psychologiques r\u00e9sultant de probl\u00e8mes de la vie Le quotidien.<\/p>\n\n\n\n<p>Le sport pour tous a pour souci d&rsquo;\u00e9veiller le sentiment de besoin de l&rsquo;individu Pour revenir \u00e0 la nature et profiter des activit\u00e9s L&rsquo;artiste en plein air.<\/p>\n\n\n\n<p>Les programmes Sports pour tous visent le d\u00e9veloppement de nombreux\u2026 Aspects de croissance pour participer \u00e0 l\u2019exercice de son activit\u00e9 A la lumi\u00e8re d&rsquo;un encadrement p\u00e9dagogique par un sp\u00e9cialiste du sport .<\/p>\n\n\n\n<p class=\"has-text-align-center\"><br><\/p>\n<\/div>\n\n\n\n<div class=\"wp-block-column is-vertically-aligned-center is-layout-flow wp-block-column-is-layout-flow\" style=\"flex-basis:35%\">\n<figure class=\"wp-block-image size-full\"><img decoding=\"async\" width=\"322\" height=\"156\" src=\"https:\/\/www.ftspt.com\/wp-content\/uploads\/2024\/06\/WhatsApp-Image-2024-06-08-at-23.28.22.jpeg\" alt=\"\" class=\"wp-image-969\" srcset=\"https:\/\/www.ftspt.com\/wp-content\/uploads\/2024\/06\/WhatsApp-Image-2024-06-08-at-23.28.22.jpeg 322w, https:\/\/www.ftspt.com\/wp-content\/uploads\/2024\/06\/WhatsApp-Image-2024-06-08-at-23.28.22-300x145.jpeg 300w\" sizes=\"(max-width: 322px) 100vw, 322px\" \/><\/figure>\n<\/div>\n<\/div>\n\n\n\n<p class=\"has-text-align-center\"><\/p>\n\n\n\n<div class=\"wp-block-columns are-vertically-aligned-center is-layout-flex wp-container-core-columns-is-layout-3 wp-block-columns-is-layout-flex\" style=\"margin-top:120px\">\n<div class=\"wp-block-column is-vertically-aligned-center is-layout-flow wp-block-column-is-layout-flow\" style=\"flex-basis:35%\">\n<figure class=\"wp-block-image size-full is-resized\"><img loading=\"lazy\" decoding=\"async\" width=\"853\" height=\"557\" src=\"https:\/\/www.ftspt.com\/wp-content\/uploads\/2024\/06\/WhatsApp-Image-2024-06-08-at-23.35.36-1.jpeg\" alt=\"\" class=\"wp-image-1173\" style=\"width:402px;height:auto\" srcset=\"https:\/\/www.ftspt.com\/wp-content\/uploads\/2024\/06\/WhatsApp-Image-2024-06-08-at-23.35.36-1.jpeg 853w, https:\/\/www.ftspt.com\/wp-content\/uploads\/2024\/06\/WhatsApp-Image-2024-06-08-at-23.35.36-1-300x196.jpeg 300w, https:\/\/www.ftspt.com\/wp-content\/uploads\/2024\/06\/WhatsApp-Image-2024-06-08-at-23.35.36-1-768x501.jpeg 768w\" sizes=\"(max-width: 853px) 100vw, 853px\" \/><\/figure>\n<\/div>\n\n\n\n<div class=\"wp-block-column is-vertically-aligned-center is-layout-flow wp-block-column-is-layout-flow\">\n<h1 class=\"wp-block-heading has-xx-large-font-size\" style=\"font-style:normal;font-weight:600;line-height:1.3\">strat\u00e9gie<\/h1>\n\n\n\n<p><strong><strong>La FTSPT vise \u00e0 atteindre les Pari suivants :<\/strong><br><\/strong>-Education<br>-Sant\u00e9<br>-Professionnel<br>-Social<br>-Culturel<br>-Economique<br>-Pr\u00e9ventif<br>-Physique<\/p>\n<\/div>\n<\/div>\n\n\n\n<h1 class=\"wp-block-heading has-text-align-center blockbooster-flip-down has-heading-color-color has-text-color has-link-color wp-elements-651b20f1093a0ceb19294867198dbfbb\" style=\"font-size:clamp(25.984px, 1.624rem + ((1vw - 3.2px) * 1.099), 44px);font-style:normal;font-weight:600;line-height:1.4\"><\/h1>\n<\/div>\n\n\n\n<div class=\"wp-block-group is-layout-constrained wp-container-core-group-is-layout-2 wp-block-group-is-layout-constrained\" style=\"margin-top:0;margin-bottom:0;padding-top:0;padding-right:0;padding-bottom:0;padding-left:0\">\n<p class=\"has-text-align-center has-large-font-size\"><\/p>\n<\/div>\n<\/main>\n","protected":false},"excerpt":{"rendered":"<p>Mission Qu\u2019entend-on par sport pour tous : Il s&rsquo;agit de donner la possibilit\u00e9 \u00e0 tous les segments de la soci\u00e9t\u00e9, quels que soient leur \u00e2ge, leur cercle social et leur&#8230;<\/p>\n","protected":false},"author":2,"featured_media":0,"parent":0,"menu_order":0,"comment_status":"closed","ping_status":"closed","template":"","meta":{"_eb_attr":"","_EventAllDay":false,"_EventTimezone":"","_EventStartDate":"","_EventEndDate":"","_EventStartDateUTC":"","_EventEndDateUTC":"","_EventShowMap":false,"_EventShowMapLink":false,"_EventURL":"","_EventCost":"","_EventCostDescription":"","_EventCurrencySymbol":"","_EventCurrencyCode":"","_EventCurrencyPosition":"","_EventDateTimeSeparator":"","_EventTimeRangeSeparator":"","_EventOrganizerID":[],"_EventVenueID":[],"_OrganizerEmail":"","_OrganizerPhone":"","_OrganizerWebsite":"","_VenueAddress":"","_VenueCity":"","_VenueCountry":"","_VenueProvince":"","_VenueState":"","_VenueZip":"","_VenuePhone":"","_VenueURL":"","_VenueStateProvince":"","_VenueLat":"","_VenueLng":"","_VenueShowMap":false,"_VenueShowMapLink":false,"footnotes":""},"class_list":["post-34","page","type-page","status-publish","hentry"],"_links":{"self":[{"href":"https:\/\/www.ftspt.com\/index.php\/wp-json\/wp\/v2\/pages\/34"}],"collection":[{"href":"https:\/\/www.ftspt.com\/index.php\/wp-json\/wp\/v2\/pages"}],"about":[{"href":"https:\/\/www.ftspt.com\/index.php\/wp-json\/wp\/v2\/types\/page"}],"author":[{"embeddable":true,"href":"https:\/\/www.ftspt.com\/index.php\/wp-json\/wp\/v2\/users\/2"}],"replies":[{"embeddable":true,"href":"https:\/\/www.ftspt.com\/index.php\/wp-json\/wp\/v2\/comments?post=34"}],"version-history":[{"count":21,"href":"https:\/\/www.ftspt.com\/index.php\/wp-json\/wp\/v2\/pages\/34\/revisions"}],"predecessor-version":[{"id":1175,"href":"https:\/\/www.ftspt.com\/index.php\/wp-json\/wp\/v2\/pages\/34\/revisions\/1175"}],"wp:attachment":[{"href":"https:\/\/www.ftspt.com\/index.php\/wp-json\/wp\/v2\/media?parent=34"}],"curies":[{"name":"wp","href":"https:\/\/api.w.org\/{rel}","templated":true}]}}