{"id":36,"date":"2024-05-30T15:16:31","date_gmt":"2024-05-30T13:16:31","guid":{"rendered":"https:\/\/www.ftspt.com\/?page_id=36"},"modified":"2024-08-30T02:41:19","modified_gmt":"2024-08-30T01:41:19","slug":"president-word","status":"publish","type":"page","link":"https:\/\/www.ftspt.com\/index.php\/president-word\/","title":{"rendered":"Bureau de la  F\u00e9deration Tunisienne"},"content":{"rendered":"\n<main class=\"wp-block-group has-light-color-background-color has-background is-layout-constrained wp-container-core-group-is-layout-28 wp-block-group-is-layout-constrained\" style=\"margin-top:0;margin-bottom:0;padding-top:0;padding-right:0;padding-bottom:0;padding-left:0\">\n<div class=\"wp-block-group has-light-color-background-color has-background is-layout-constrained wp-container-core-group-is-layout-26 wp-block-group-is-layout-constrained\" style=\"margin-top:0;margin-bottom:0;padding-top:var(--wp--preset--spacing--40);padding-right:var(--wp--preset--spacing--40);padding-bottom:var(--wp--preset--spacing--80);padding-left:var(--wp--preset--spacing--40)\">\n<div class=\"wp-block-group is-layout-constrained wp-container-core-group-is-layout-1 wp-block-group-is-layout-constrained\">\n<h1 class=\"wp-block-heading has-text-align-center has-xx-large-font-size\" style=\"margin-top:0;margin-bottom:0;font-style:normal;font-weight:600\">Rencontrez notre \u00e9quipe<\/h1>\n\n\n\n<p class=\"has-text-align-center\">Liste des membres du bureau  \u00e9lus pour la l\u00e9gislature 2023-2027<\/p>\n<\/div>\n\n\n\n<div class=\"wp-block-columns is-layout-flex wp-container-core-columns-is-layout-1 wp-block-columns-is-layout-flex\" style=\"margin-top:48px\">\n<div class=\"wp-block-column is-layout-flow wp-block-column-is-layout-flow\"><\/div>\n\n\n\n<div class=\"wp-block-column is-layout-flow wp-block-column-is-layout-flow\">\n<div class=\"wp-block-group blockbooster-hover-box is-layout-constrained wp-block-group-is-layout-constrained\">\n<figure class=\"wp-block-image aligncenter size-full is-resized\"><img fetchpriority=\"high\" decoding=\"async\" width=\"332\" height=\"407\" src=\"https:\/\/www.ftspt.com\/wp-content\/uploads\/2024\/06\/image-62.png\" alt=\"\" class=\"wp-image-1389\" style=\"width:231px;height:auto\" srcset=\"https:\/\/www.ftspt.com\/wp-content\/uploads\/2024\/06\/image-62.png 332w, https:\/\/www.ftspt.com\/wp-content\/uploads\/2024\/06\/image-62-245x300.png 245w\" sizes=\"(max-width: 332px) 100vw, 332px\" \/><\/figure>\n\n\n\n<div class=\"wp-block-group is-vertical is-content-justification-center is-layout-flex wp-container-core-group-is-layout-2 wp-block-group-is-layout-flex\">\n<h3 class=\"wp-block-heading has-big-font-size\" style=\"font-style:normal;font-weight:600\">\u0645\u0631\u0648\u0627\u0646 \u0627\u0644\u0634\u0627\u064a\u0628<\/h3>\n\n\n\n<p><strong>\u0631\u0626\u064a\u0633<\/strong><\/p>\n<\/div>\n<\/div>\n<\/div>\n\n\n\n<div class=\"wp-block-column is-layout-flow wp-block-column-is-layout-flow\"><\/div>\n<\/div>\n\n\n\n<div class=\"wp-block-columns is-layout-flex wp-container-core-columns-is-layout-2 wp-block-columns-is-layout-flex\" style=\"margin-top:48px\">\n<div class=\"wp-block-column is-layout-flow wp-block-column-is-layout-flow\">\n<div class=\"wp-block-group blockbooster-hover-box is-layout-constrained wp-block-group-is-layout-constrained\">\n<figure class=\"wp-block-image aligncenter size-full is-resized\"><img decoding=\"async\" src=\"https:\/\/www.ftspt.com\/wp-content\/themes\/blockbooster\/assets\/images\/team_1.jpg\" alt=\"\" class=\"wp-image-3886\" style=\"width:234px;height:auto\"\/><\/figure>\n\n\n\n<div class=\"wp-block-group is-vertical is-content-justification-center is-layout-flex wp-container-core-group-is-layout-4 wp-block-group-is-layout-flex\">\n<h3 class=\"wp-block-heading has-big-font-size\" style=\"font-style:normal;font-weight:600\">\u0639\u0627\u0631\u0641 \u0627\u0644\u0628\u0631\u064a\u0646\u064a<\/h3>\n\n\n\n<p><strong>\u0646\u0627\u0626\u0628 \u0631\u0626\u064a\u0633<\/strong><\/p>\n<\/div>\n<\/div>\n<\/div>\n\n\n\n<div class=\"wp-block-column is-layout-flow wp-block-column-is-layout-flow\">\n<div class=\"wp-block-group blockbooster-hover-box is-layout-constrained wp-block-group-is-layout-constrained\">\n<figure class=\"wp-block-image aligncenter size-full is-resized\"><img decoding=\"async\" src=\"https:\/\/www.ftspt.com\/wp-content\/themes\/blockbooster\/assets\/images\/team_2.jpg\" alt=\"\" class=\"wp-image-3887\" style=\"width:231px;height:auto\"\/><\/figure>\n\n\n\n<div class=\"wp-block-group is-vertical is-content-justification-center is-layout-flex wp-container-core-group-is-layout-6 wp-block-group-is-layout-flex\">\n<h3 class=\"wp-block-heading has-big-font-size\" style=\"font-style:normal;font-weight:600\">\u0631\u0641\u064a\u0642\u0629 \u0627\u0644\u0633\u0627\u0643\u0631\u064a<\/h3>\n\n\n\n<p><strong>\u0623\u0645\u064a\u0646 \u0645\u0627\u0644<\/strong><\/p>\n<\/div>\n<\/div>\n<\/div>\n\n\n\n<div class=\"wp-block-column is-layout-flow wp-block-column-is-layout-flow\">\n<div class=\"wp-block-group blockbooster-hover-box is-layout-constrained wp-block-group-is-layout-constrained\">\n<figure class=\"wp-block-image aligncenter size-full is-resized\"><img decoding=\"async\" src=\"https:\/\/www.ftspt.com\/wp-content\/themes\/blockbooster\/assets\/images\/team_2.jpg\" alt=\"\" class=\"wp-image-3887\" style=\"width:231px;height:auto\"\/><\/figure>\n\n\n\n<div class=\"wp-block-group is-vertical is-content-justification-center is-layout-flex wp-container-core-group-is-layout-8 wp-block-group-is-layout-flex\">\n<h3 class=\"wp-block-heading has-big-font-size\" style=\"font-style:normal;font-weight:600\">\u0633\u0639\u0627\u062f \u062d\u0631\u0632\u0644\u064a<\/h3>\n\n\n\n<p class=\"has-text-align-center\"><strong>\u0639\u0636\u0648<\/strong><\/p>\n<\/div>\n<\/div>\n<\/div>\n<\/div>\n\n\n\n<div class=\"wp-block-columns is-layout-flex wp-container-core-columns-is-layout-3 wp-block-columns-is-layout-flex\" style=\"margin-top:48px\">\n<div class=\"wp-block-column is-layout-flow wp-block-column-is-layout-flow\">\n<div class=\"wp-block-group blockbooster-hover-box is-layout-constrained wp-block-group-is-layout-constrained\">\n<figure class=\"wp-block-image aligncenter size-full is-resized\"><img decoding=\"async\" src=\"https:\/\/www.ftspt.com\/wp-content\/themes\/blockbooster\/assets\/images\/team_1.jpg\" alt=\"\" class=\"wp-image-3886\" style=\"width:234px;height:auto\"\/><\/figure>\n\n\n\n<div class=\"wp-block-group is-vertical is-content-justification-center is-layout-flex wp-container-core-group-is-layout-10 wp-block-group-is-layout-flex\">\n<h3 class=\"wp-block-heading has-big-font-size\" style=\"font-style:normal;font-weight:600\">\u0645\u0646\u062a\u0635\u0631 \u062e\u0636\u0631\u0627\u0648\u064a<\/h3>\n\n\n\n<p><strong>\u0639\u0636\u0648<\/strong><\/p>\n<\/div>\n<\/div>\n<\/div>\n\n\n\n<div class=\"wp-block-column is-layout-flow wp-block-column-is-layout-flow\">\n<div class=\"wp-block-group blockbooster-hover-box is-layout-constrained wp-block-group-is-layout-constrained\">\n<figure class=\"wp-block-image aligncenter size-full is-resized\"><img decoding=\"async\" src=\"https:\/\/www.ftspt.com\/wp-content\/themes\/blockbooster\/assets\/images\/team_3.jpg\" alt=\"\" class=\"wp-image-3889\" style=\"width:238px;height:auto\"\/><\/figure>\n\n\n\n<div class=\"wp-block-group is-vertical is-content-justification-center is-layout-flex wp-container-core-group-is-layout-12 wp-block-group-is-layout-flex\">\n<h3 class=\"wp-block-heading has-big-font-size\" style=\"font-style:normal;font-weight:600\">\u0633\u064a\u0641 \u0627\u0644\u062f\u064a\u0646 \u0639\u0628\u064a\u062f\u064a<\/h3>\n\n\n\n<p><strong>\u0639\u0636\u0648<\/strong><\/p>\n<\/div>\n<\/div>\n<\/div>\n\n\n\n<div class=\"wp-block-column is-layout-flow wp-block-column-is-layout-flow\">\n<div class=\"wp-block-group blockbooster-hover-box is-layout-constrained wp-block-group-is-layout-constrained\">\n<figure class=\"wp-block-image aligncenter size-full is-resized\"><img decoding=\"async\" src=\"https:\/\/www.ftspt.com\/wp-content\/themes\/blockbooster\/assets\/images\/team_2.jpg\" alt=\"\" class=\"wp-image-3887\" style=\"width:231px;height:auto\"\/><\/figure>\n\n\n\n<div class=\"wp-block-group is-vertical is-content-justification-center is-layout-flex wp-container-core-group-is-layout-14 wp-block-group-is-layout-flex\">\n<h3 class=\"wp-block-heading has-big-font-size\" style=\"font-style:normal;font-weight:600\">\u063a\u0641\u0631\u0627\u0646 \u0628\u0646 \u0623\u062d\u0645\u062f<\/h3>\n\n\n\n<p class=\"has-text-align-center\"><strong>\u0639\u0636\u0648<\/strong><\/p>\n<\/div>\n<\/div>\n<\/div>\n<\/div>\n\n\n\n<div class=\"wp-block-columns is-layout-flex wp-container-core-columns-is-layout-4 wp-block-columns-is-layout-flex\" style=\"margin-top:48px\">\n<div class=\"wp-block-column is-layout-flow wp-block-column-is-layout-flow\">\n<div class=\"wp-block-group blockbooster-hover-box is-layout-constrained wp-block-group-is-layout-constrained\">\n<figure class=\"wp-block-image aligncenter size-full is-resized\"><img decoding=\"async\" src=\"https:\/\/www.ftspt.com\/wp-content\/themes\/blockbooster\/assets\/images\/team_1.jpg\" alt=\"\" class=\"wp-image-3886\" style=\"width:234px;height:auto\"\/><\/figure>\n\n\n\n<div class=\"wp-block-group is-vertical is-content-justification-center is-layout-flex wp-container-core-group-is-layout-16 wp-block-group-is-layout-flex\">\n<h3 class=\"wp-block-heading has-big-font-size\" style=\"font-style:normal;font-weight:600\">\u0633\u0641\u064a\u0627\u0646 \u0632\u0631\u0627\u0639<\/h3>\n\n\n\n<p><strong>\u0639\u0636\u0648<\/strong><\/p>\n<\/div>\n<\/div>\n<\/div>\n\n\n\n<div class=\"wp-block-column is-layout-flow wp-block-column-is-layout-flow\">\n<div class=\"wp-block-group blockbooster-hover-box is-layout-constrained wp-block-group-is-layout-constrained\">\n<figure class=\"wp-block-image aligncenter size-full is-resized\"><img decoding=\"async\" src=\"https:\/\/www.ftspt.com\/wp-content\/themes\/blockbooster\/assets\/images\/team_3.jpg\" alt=\"\" class=\"wp-image-3889\" style=\"width:237px;height:auto\"\/><\/figure>\n\n\n\n<div class=\"wp-block-group is-vertical is-content-justification-center is-layout-flex wp-container-core-group-is-layout-18 wp-block-group-is-layout-flex\">\n<h3 class=\"wp-block-heading has-big-font-size\" style=\"font-style:normal;font-weight:600\">\u0645\u0633\u0639\u0648\u062f \u0631\u062d\u0627\u0644<\/h3>\n\n\n\n<p><strong>\u0639\u0636\u0648<\/strong><\/p>\n<\/div>\n<\/div>\n<\/div>\n\n\n\n<div class=\"wp-block-column is-layout-flow wp-block-column-is-layout-flow\">\n<div class=\"wp-block-group blockbooster-hover-box is-layout-constrained wp-block-group-is-layout-constrained\">\n<figure class=\"wp-block-image aligncenter size-full is-resized\"><img decoding=\"async\" src=\"https:\/\/www.ftspt.com\/wp-content\/themes\/blockbooster\/assets\/images\/team_1.jpg\" alt=\"\" class=\"wp-image-3886\" style=\"width:234px;height:auto\"\/><\/figure>\n\n\n\n<div class=\"wp-block-group is-vertical is-content-justification-center is-layout-flex wp-container-core-group-is-layout-20 wp-block-group-is-layout-flex\">\n<h3 class=\"wp-block-heading has-big-font-size\" style=\"font-style:normal;font-weight:600\">\u0632\u064a\u0627\u062f \u0627\u0644\u0645\u0633\u0639\u0648\u062f\u064a<\/h3>\n\n\n\n<p class=\"has-text-align-center\"><strong>\u0639\u0636\u0648<\/strong><\/p>\n<\/div>\n<\/div>\n<\/div>\n<\/div>\n\n\n\n<div class=\"wp-block-columns is-layout-flex wp-container-core-columns-is-layout-5 wp-block-columns-is-layout-flex\" style=\"margin-top:48px\">\n<div class=\"wp-block-column is-layout-flow wp-block-column-is-layout-flow\">\n<div class=\"wp-block-group blockbooster-hover-box is-layout-constrained wp-block-group-is-layout-constrained\">\n<figure class=\"wp-block-image aligncenter size-full is-resized\"><img decoding=\"async\" src=\"https:\/\/www.ftspt.com\/wp-content\/themes\/blockbooster\/assets\/images\/team_3.jpg\" alt=\"\" class=\"wp-image-3889\" style=\"width:236px;height:auto\"\/><\/figure>\n\n\n\n<div class=\"wp-block-group is-vertical is-content-justification-center is-layout-flex wp-container-core-group-is-layout-22 wp-block-group-is-layout-flex\">\n<h3 class=\"wp-block-heading has-big-font-size\" style=\"font-style:normal;font-weight:600\">\u0637\u0627\u0647\u0631 \u0639\u064a\u0633\u0627\u0648\u064a<\/h3>\n\n\n\n<p><strong>\u0639\u0636\u0648<\/strong><\/p>\n<\/div>\n<\/div>\n<\/div>\n\n\n\n<div class=\"wp-block-column is-layout-flow wp-block-column-is-layout-flow\">\n<div class=\"wp-block-group blockbooster-hover-box is-layout-constrained wp-block-group-is-layout-constrained\">\n<figure class=\"wp-block-image aligncenter size-full is-resized\"><img decoding=\"async\" src=\"https:\/\/www.ftspt.com\/wp-content\/themes\/blockbooster\/assets\/images\/team_2.jpg\" alt=\"\" class=\"wp-image-3887\" style=\"width:231px;height:auto\"\/><\/figure>\n\n\n\n<div class=\"wp-block-group is-vertical is-content-justification-center is-layout-flex wp-container-core-group-is-layout-24 wp-block-group-is-layout-flex\">\n<h3 class=\"wp-block-heading has-big-font-size\" style=\"font-style:normal;font-weight:600\">\u0648\u0635\u0627\u0644 \u0627\u0644\u0647\u0645\u0627\u0645\u064a<\/h3>\n\n\n\n<p><strong>\u0643\u0627\u062a\u0628 \u0639\u0627\u0645<\/strong><\/p>\n<\/div>\n<\/div>\n<\/div>\n<\/div>\n<\/div>\n\n\n\n<div class=\"wp-block-group is-layout-constrained wp-container-core-group-is-layout-27 wp-block-group-is-layout-constrained\" style=\"margin-top:0;margin-bottom:0;padding-top:0;padding-right:0;padding-bottom:0;padding-left:0\"><\/div>\n<\/main>\n","protected":false},"excerpt":{"rendered":"<p>Rencontrez notre \u00e9quipe Liste des membres du bureau \u00e9lus pour la l\u00e9gislature 2023-2027 \u0645\u0631\u0648\u0627\u0646 \u0627\u0644\u0634\u0627\u064a\u0628 \u0631\u0626\u064a\u0633 \u0639\u0627\u0631\u0641 \u0627\u0644\u0628\u0631\u064a\u0646\u064a \u0646\u0627\u0626\u0628 \u0631\u0626\u064a\u0633 \u0631\u0641\u064a\u0642\u0629 \u0627\u0644\u0633\u0627\u0643\u0631\u064a \u0623\u0645\u064a\u0646 \u0645\u0627\u0644 \u0633\u0639\u0627\u062f \u062d\u0631\u0632\u0644\u064a \u0639\u0636\u0648 \u0645\u0646\u062a\u0635\u0631 \u062e\u0636\u0631\u0627\u0648\u064a \u0639\u0636\u0648&#8230;<\/p>\n","protected":false},"author":2,"featured_media":0,"parent":0,"menu_order":0,"comment_status":"closed","ping_status":"closed","template":"","meta":{"_eb_attr":"","_EventAllDay":false,"_EventTimezone":"","_EventStartDate":"","_EventEndDate":"","_EventStartDateUTC":"","_EventEndDateUTC":"","_EventShowMap":false,"_EventShowMapLink":false,"_EventURL":"","_EventCost":"","_EventCostDescription":"","_EventCurrencySymbol":"","_EventCurrencyCode":"","_EventCurrencyPosition":"","_EventDateTimeSeparator":"","_EventTimeRangeSeparator":"","_EventOrganizerID":[],"_EventVenueID":[],"_OrganizerEmail":"","_OrganizerPhone":"","_OrganizerWebsite":"","_VenueAddress":"","_VenueCity":"","_VenueCountry":"","_VenueProvince":"","_VenueState":"","_VenueZip":"","_VenuePhone":"","_VenueURL":"","_VenueStateProvince":"","_VenueLat":"","_VenueLng":"","_VenueShowMap":false,"_VenueShowMapLink":false,"footnotes":""},"class_list":["post-36","page","type-page","status-publish","hentry"],"_links":{"self":[{"href":"https:\/\/www.ftspt.com\/index.php\/wp-json\/wp\/v2\/pages\/36"}],"collection":[{"href":"https:\/\/www.ftspt.com\/index.php\/wp-json\/wp\/v2\/pages"}],"about":[{"href":"https:\/\/www.ftspt.com\/index.php\/wp-json\/wp\/v2\/types\/page"}],"author":[{"embeddable":true,"href":"https:\/\/www.ftspt.com\/index.php\/wp-json\/wp\/v2\/users\/2"}],"replies":[{"embeddable":true,"href":"https:\/\/www.ftspt.com\/index.php\/wp-json\/wp\/v2\/comments?post=36"}],"version-history":[{"count":30,"href":"https:\/\/www.ftspt.com\/index.php\/wp-json\/wp\/v2\/pages\/36\/revisions"}],"predecessor-version":[{"id":1634,"href":"https:\/\/www.ftspt.com\/index.php\/wp-json\/wp\/v2\/pages\/36\/revisions\/1634"}],"wp:attachment":[{"href":"https:\/\/www.ftspt.com\/index.php\/wp-json\/wp\/v2\/media?parent=36"}],"curies":[{"name":"wp","href":"https:\/\/api.w.org\/{rel}","templated":true}]}}