{"id":55,"date":"2024-05-30T21:43:39","date_gmt":"2024-05-30T19:43:39","guid":{"rendered":"https:\/\/www.ftspt.com\/?page_id=55"},"modified":"2024-06-09T14:55:50","modified_gmt":"2024-06-09T12:55:50","slug":"news","status":"publish","type":"page","link":"https:\/\/www.ftspt.com\/index.php\/news\/","title":{"rendered":"D\u00e9rnier \u00e9v\u00e9nements"},"content":{"rendered":"<div class=\"root-eb-post-carousel-6ubu4 wp-block-essential-blocks-post-carousel\">\n    <div class=\"eb-parent-wrapper eb-parent-eb-post-carousel-6ubu4\">\n        <div\n            class=\"eb-post-carousel-6ubu4 style-4 arrow-none equal-height dot-style-4 eb-post-carousel-wrapper\"\n            data-id=\"eb-post-carousel-6ubu4\"\n            data-querydata=\"a:14:{s:6:&quot;source&quot;;s:4:&quot;post&quot;;s:11:&quot;sourceIndex&quot;;i:0;s:9:&quot;rest_base&quot;;s:5:&quot;posts&quot;;s:14:&quot;rest_namespace&quot;;s:5:&quot;wp\/v2&quot;;s:6:&quot;author&quot;;s:0:&quot;&quot;;s:10:&quot;taxonomies&quot;;a:0:{}s:8:&quot;per_page&quot;;s:1:&quot;6&quot;;s:6:&quot;offset&quot;;s:1:&quot;0&quot;;s:7:&quot;orderby&quot;;s:4:&quot;date&quot;;s:5:&quot;order&quot;;s:4:&quot;desc&quot;;s:7:&quot;include&quot;;s:0:&quot;&quot;;s:7:&quot;exclude&quot;;s:0:&quot;&quot;;s:15:&quot;exclude_current&quot;;b:0;s:26:&quot;exclude_password_protected&quot;;b:0;}\"\n            data-slidersettings=\"{&quot;arrows&quot;:false,&quot;dots&quot;:true,&quot;autoplaySpeed&quot;:3000,&quot;speed&quot;:500,&quot;adaptiveHeight&quot;:true,&quot;autoplay&quot;:true,&quot;infinite&quot;:true,&quot;pauseOnHover&quot;:true,&quot;slideToShowRange&quot;:3,&quot;leftArrowIcon&quot;:&quot;fas fa-caret-left&quot;,&quot;rightArrowIcon&quot;:&quot;fas fa-caret-right&quot;,&quot;addIcon&quot;:false,&quot;TABslideToShowRange&quot;:2,&quot;MOBslideToShowRange&quot;:1}\"\n            data-attributes=\"{&quot;preset&quot;:&quot;style-4&quot;,&quot;showThumbnail&quot;:true,&quot;showTitle&quot;:true,&quot;titleLength&quot;:&quot;10&quot;,&quot;titleTag&quot;:&quot;h2&quot;,&quot;showContent&quot;:false,&quot;contentLength&quot;:20,&quot;expansionIndicator&quot;:&quot;...&quot;,&quot;showReadMore&quot;:false,&quot;readmoreText&quot;:&quot;Read More&quot;,&quot;showMeta&quot;:true,&quot;headerMeta&quot;:&quot;[{\\&quot;value\\&quot;:\\&quot;avatar\\&quot;,\\&quot;label\\&quot;:\\&quot;Author Avatar\\&quot;}]&quot;,&quot;footerMeta&quot;:&quot;[{\\&quot;value\\&quot;:\\&quot;date\\&quot;,\\&quot;label\\&quot;:\\&quot;Published Date\\&quot;}]&quot;,&quot;authorPrefix&quot;:&quot;by&quot;,&quot;datePrefix&quot;:&quot;on&quot;,&quot;showBlockContent&quot;:true,&quot;leftArrowIcon&quot;:&quot;fas fa-caret-left&quot;,&quot;rightArrowIcon&quot;:&quot;fas fa-caret-right&quot;}\">\n\n            <div class=\"eb-post-carousel init-eb-post-carousel-6ubu4\" data-id=\"eb-post-carousel-6ubu4\">\n                <article class=\"ebpg-carousel-post ebpg-post-carousel-column\" data-id=\"1612\"><div class=\"ebpg-carousel-post-holder\"><a class=\"ebpg-post-link-wrapper eb-sr-only\" href=\"https:\/\/www.ftspt.com\/index.php\/2024\/12\/24\/%d8%a7%d9%84%d9%8a%d9%88%d9%85_%d8%a7%d9%84%d8%ac%d9%87%d9%88%d9%8a_%d9%84%d9%84%d8%b1%d9%8a%d8%a7%d8%b6%d8%a9_%d9%84%d9%84%d8%ac%d9%85%d9%8a%d8%b9_%d8%a8%d9%85%d9%86%d9%88%d8%a8%d8%a9\/\">\u0627\u0644\u064a\u0648\u0645_\u0627\u0644\u062c\u0647\u0648\u064a_\u0644\u0644\u0631\u064a\u0627\u0636\u0629_\u0644\u0644\u062c\u0645\u064a\u0639_\u0628\u0645\u0646\u0648\u0628\u0629<\/a><div class=\"ebpg-entry-media\">\n                <div class=\"ebpg-entry-thumbnail\">\n                    \n                    <img fetchpriority=\"high\" decoding=\"async\" width=\"2048\" height=\"1366\" src=\"https:\/\/www.ftspt.com\/wp-content\/uploads\/2024\/12\/1-1.jpg\" class=\"attachment- size- wp-post-image\" alt=\"\" \/>\n                <\/div>\n            <\/div><div class=\"ebpg-entry-wrapper\"><div class=\"ebpg-entry-meta ebpg-header-meta\"><div class=\"ebpg-author-avatar\">\n            <a href=\"https:\/\/www.ftspt.com\/index.php\/author\/asmaabessi\/\">\n                <img decoding=\"async\" alt=\"admin\" src=\"https:\/\/secure.gravatar.com\/avatar\/aa79349b64f642eff2bef7ace5c83e28?s=96&amp;d=mm&amp;r=g\" \/>\n            <\/a>\n        <\/div><div class=\"ebpg-entry-meta-items\"><\/div><\/div><header class=\"ebpg-entry-header\">\n            <h2 class=\"ebpg-entry-title\">\n                <a class=\"ebpg-carousel-post-link\" href=\"https:\/\/www.ftspt.com\/index.php\/2024\/12\/24\/%d8%a7%d9%84%d9%8a%d9%88%d9%85_%d8%a7%d9%84%d8%ac%d9%87%d9%88%d9%8a_%d9%84%d9%84%d8%b1%d9%8a%d8%a7%d8%b6%d8%a9_%d9%84%d9%84%d8%ac%d9%85%d9%8a%d8%b9_%d8%a8%d9%85%d9%86%d9%88%d8%a8%d8%a9\/\" title=\"\u0627\u0644\u064a\u0648\u0645_\u0627\u0644\u062c\u0647\u0648\u064a_\u0644\u0644\u0631\u064a\u0627\u0636\u0629_\u0644\u0644\u062c\u0645\u064a\u0639_\u0628\u0645\u0646\u0648\u0628\u0629\">\u0627\u0644\u064a\u0648\u0645_\u0627\u0644\u062c\u0647\u0648\u064a_\u0644\u0644\u0631\u064a\u0627\u0636\u0629_\u0644\u0644\u062c\u0645\u064a\u0639_\u0628\u0645\u0646\u0648\u0628\u0629<\/a>\n            <\/h2>\n        <\/header><div class=\"ebpg-entry-meta ebpg-footer-meta\"><div class=\"ebpg-entry-meta-items\"><span class=\"ebpg-posted-on\">\n            on 24 d\u00e9cembre 2024\n        <\/span><\/div><\/div><\/div><\/div><\/article><article class=\"ebpg-carousel-post ebpg-post-carousel-column\" data-id=\"1088\"><div class=\"ebpg-carousel-post-holder\"><a class=\"ebpg-post-link-wrapper eb-sr-only\" href=\"https:\/\/www.ftspt.com\/index.php\/2024\/06\/09\/1088\/\">\u0633\u0628\u0627\u0642 \u0645\u062f\u064a\u0646\u0629 \u0627\u0644\u062a\u0636\u0627\u0645\u0646<\/a><div class=\"ebpg-entry-media\">\n                <div class=\"ebpg-entry-thumbnail\">\n                    \n                    <img decoding=\"async\" width=\"1290\" height=\"343\" src=\"https:\/\/www.ftspt.com\/wp-content\/uploads\/2024\/06\/image-26.png\" class=\"attachment- size- wp-post-image\" alt=\"\" \/>\n                <\/div>\n            <\/div><div class=\"ebpg-entry-wrapper\"><div class=\"ebpg-entry-meta ebpg-header-meta\"><div class=\"ebpg-author-avatar\">\n            <a href=\"https:\/\/www.ftspt.com\/index.php\/author\/asmaabessi\/\">\n                <img decoding=\"async\" alt=\"admin\" src=\"https:\/\/secure.gravatar.com\/avatar\/aa79349b64f642eff2bef7ace5c83e28?s=96&amp;d=mm&amp;r=g\" \/>\n            <\/a>\n        <\/div><div class=\"ebpg-entry-meta-items\"><\/div><\/div><header class=\"ebpg-entry-header\">\n            <h2 class=\"ebpg-entry-title\">\n                <a class=\"ebpg-carousel-post-link\" href=\"https:\/\/www.ftspt.com\/index.php\/2024\/06\/09\/1088\/\" title=\"\u0633\u0628\u0627\u0642 \u0645\u062f\u064a\u0646\u0629 \u0627\u0644\u062a\u0636\u0627\u0645\u0646\">\u0633\u0628\u0627\u0642 \u0645\u062f\u064a\u0646\u0629 \u0627\u0644\u062a\u0636\u0627\u0645\u0646<\/a>\n            <\/h2>\n        <\/header><div class=\"ebpg-entry-meta ebpg-footer-meta\"><div class=\"ebpg-entry-meta-items\"><span class=\"ebpg-posted-on\">\n            on 9 juin 2024\n        <\/span><\/div><\/div><\/div><\/div><\/article><article class=\"ebpg-carousel-post ebpg-post-carousel-column\" data-id=\"1083\"><div class=\"ebpg-carousel-post-holder\"><a class=\"ebpg-post-link-wrapper eb-sr-only\" href=\"https:\/\/www.ftspt.com\/index.php\/2024\/06\/09\/1083\/\">\u0642\u0627\u0641\u0644\u0629 \u0627\u0644\u0631\u064a\u0627\u0636\u0629 \u0644\u0644\u062c\u0645\u064a\u0639<\/a><div class=\"ebpg-entry-media\">\n                <div class=\"ebpg-entry-thumbnail\">\n                    \n                    <img decoding=\"async\" width=\"1280\" height=\"960\" src=\"https:\/\/www.ftspt.com\/wp-content\/uploads\/2024\/06\/image-11.png\" class=\"attachment- size- wp-post-image\" alt=\"\" \/>\n                <\/div>\n            <\/div><div class=\"ebpg-entry-wrapper\"><div class=\"ebpg-entry-meta ebpg-header-meta\"><div class=\"ebpg-author-avatar\">\n            <a href=\"https:\/\/www.ftspt.com\/index.php\/author\/asmaabessi\/\">\n                <img decoding=\"async\" alt=\"admin\" src=\"https:\/\/secure.gravatar.com\/avatar\/aa79349b64f642eff2bef7ace5c83e28?s=96&amp;d=mm&amp;r=g\" \/>\n            <\/a>\n        <\/div><div class=\"ebpg-entry-meta-items\"><\/div><\/div><header class=\"ebpg-entry-header\">\n            <h2 class=\"ebpg-entry-title\">\n                <a class=\"ebpg-carousel-post-link\" href=\"https:\/\/www.ftspt.com\/index.php\/2024\/06\/09\/1083\/\" title=\"\u0642\u0627\u0641\u0644\u0629 \u0627\u0644\u0631\u064a\u0627\u0636\u0629 \u0644\u0644\u062c\u0645\u064a\u0639\">\u0642\u0627\u0641\u0644\u0629 \u0627\u0644\u0631\u064a\u0627\u0636\u0629 \u0644\u0644\u062c\u0645\u064a\u0639<\/a>\n            <\/h2>\n        <\/header><div class=\"ebpg-entry-meta ebpg-footer-meta\"><div class=\"ebpg-entry-meta-items\"><span class=\"ebpg-posted-on\">\n            on 9 juin 2024\n        <\/span><\/div><\/div><\/div><\/div><\/article><article class=\"ebpg-carousel-post ebpg-post-carousel-column\" data-id=\"1078\"><div class=\"ebpg-carousel-post-holder\"><a class=\"ebpg-post-link-wrapper eb-sr-only\" href=\"https:\/\/www.ftspt.com\/index.php\/2024\/06\/09\/1078\/\">\u0645\u0647\u0631\u062c\u0627\u0646 \u0627\u0644\u0633\u0644\u0627\u0645 \u0645\u062f\u0646\u064a\u0646<\/a><div class=\"ebpg-entry-media\">\n                <div class=\"ebpg-entry-thumbnail\">\n                    \n                    <img loading=\"lazy\" decoding=\"async\" width=\"1280\" height=\"720\" src=\"https:\/\/www.ftspt.com\/wp-content\/uploads\/2024\/06\/415526150_885893769996265_7517483359125898900_n.jpg\" class=\"attachment- size- wp-post-image\" alt=\"\" \/>\n                <\/div>\n            <\/div><div class=\"ebpg-entry-wrapper\"><div class=\"ebpg-entry-meta ebpg-header-meta\"><div class=\"ebpg-author-avatar\">\n            <a href=\"https:\/\/www.ftspt.com\/index.php\/author\/asmaabessi\/\">\n                <img decoding=\"async\" alt=\"admin\" src=\"https:\/\/secure.gravatar.com\/avatar\/aa79349b64f642eff2bef7ace5c83e28?s=96&amp;d=mm&amp;r=g\" \/>\n            <\/a>\n        <\/div><div class=\"ebpg-entry-meta-items\"><\/div><\/div><header class=\"ebpg-entry-header\">\n            <h2 class=\"ebpg-entry-title\">\n                <a class=\"ebpg-carousel-post-link\" href=\"https:\/\/www.ftspt.com\/index.php\/2024\/06\/09\/1078\/\" title=\"\u0645\u0647\u0631\u062c\u0627\u0646 \u0627\u0644\u0633\u0644\u0627\u0645 \u0645\u062f\u0646\u064a\u0646\">\u0645\u0647\u0631\u062c\u0627\u0646 \u0627\u0644\u0633\u0644\u0627\u0645 \u0645\u062f\u0646\u064a\u0646<\/a>\n            <\/h2>\n        <\/header><div class=\"ebpg-entry-meta ebpg-footer-meta\"><div class=\"ebpg-entry-meta-items\"><span class=\"ebpg-posted-on\">\n            on 9 juin 2024\n        <\/span><\/div><\/div><\/div><\/div><\/article><article class=\"ebpg-carousel-post ebpg-post-carousel-column\" data-id=\"1061\"><div class=\"ebpg-carousel-post-holder\"><a class=\"ebpg-post-link-wrapper eb-sr-only\" href=\"https:\/\/www.ftspt.com\/index.php\/2024\/06\/09\/vmm-el-mourouj\/\">VMM EL MOUROUJ<\/a><div class=\"ebpg-entry-media\">\n                <div class=\"ebpg-entry-thumbnail\">\n                    \n                    <img loading=\"lazy\" decoding=\"async\" width=\"626\" height=\"417\" src=\"https:\/\/www.ftspt.com\/wp-content\/uploads\/2024\/06\/WhatsApp-Image-2024-06-09-at-00.08.55.jpeg\" class=\"attachment- size- wp-post-image\" alt=\"\" \/>\n                <\/div>\n            <\/div><div class=\"ebpg-entry-wrapper\"><div class=\"ebpg-entry-meta ebpg-header-meta\"><div class=\"ebpg-author-avatar\">\n            <a href=\"https:\/\/www.ftspt.com\/index.php\/author\/asmaabessi\/\">\n                <img decoding=\"async\" alt=\"admin\" src=\"https:\/\/secure.gravatar.com\/avatar\/aa79349b64f642eff2bef7ace5c83e28?s=96&amp;d=mm&amp;r=g\" \/>\n            <\/a>\n        <\/div><div class=\"ebpg-entry-meta-items\"><\/div><\/div><header class=\"ebpg-entry-header\">\n            <h2 class=\"ebpg-entry-title\">\n                <a class=\"ebpg-carousel-post-link\" href=\"https:\/\/www.ftspt.com\/index.php\/2024\/06\/09\/vmm-el-mourouj\/\" title=\"VMM EL MOUROUJ\">VMM EL MOUROUJ<\/a>\n            <\/h2>\n        <\/header><div class=\"ebpg-entry-meta ebpg-footer-meta\"><div class=\"ebpg-entry-meta-items\"><span class=\"ebpg-posted-on\">\n            on 9 juin 2024\n        <\/span><\/div><\/div><\/div><\/div><\/article><article class=\"ebpg-carousel-post ebpg-post-carousel-column\" data-id=\"1052\"><div class=\"ebpg-carousel-post-holder\"><a class=\"ebpg-post-link-wrapper eb-sr-only\" href=\"https:\/\/www.ftspt.com\/index.php\/2024\/06\/09\/1052\/\">\u063a\u0637\u0633\u0629 \u0631\u0623\u0633 \u0627\u0644\u0639\u0627\u0645<\/a><div class=\"ebpg-entry-media\">\n                <div class=\"ebpg-entry-thumbnail\">\n                    \n                    <img loading=\"lazy\" decoding=\"async\" width=\"1180\" height=\"677\" src=\"https:\/\/www.ftspt.com\/wp-content\/uploads\/2024\/06\/WhatsApp-Image-2024-06-09-at-00.12.49.jpeg\" class=\"attachment- size- wp-post-image\" alt=\"\u063a\u0637\u0633\u0629 \u0631\u0627\u0633 \u0623\u0644\u0639\u0627\u0645\" \/>\n                <\/div>\n            <\/div><div class=\"ebpg-entry-wrapper\"><div class=\"ebpg-entry-meta ebpg-header-meta\"><div class=\"ebpg-author-avatar\">\n            <a href=\"https:\/\/www.ftspt.com\/index.php\/author\/asmaabessi\/\">\n                <img decoding=\"async\" alt=\"admin\" src=\"https:\/\/secure.gravatar.com\/avatar\/aa79349b64f642eff2bef7ace5c83e28?s=96&amp;d=mm&amp;r=g\" \/>\n            <\/a>\n        <\/div><div class=\"ebpg-entry-meta-items\"><\/div><\/div><header class=\"ebpg-entry-header\">\n            <h2 class=\"ebpg-entry-title\">\n                <a class=\"ebpg-carousel-post-link\" href=\"https:\/\/www.ftspt.com\/index.php\/2024\/06\/09\/1052\/\" title=\"\u063a\u0637\u0633\u0629 \u0631\u0623\u0633 \u0627\u0644\u0639\u0627\u0645\">\u063a\u0637\u0633\u0629 \u0631\u0623\u0633 \u0627\u0644\u0639\u0627\u0645<\/a>\n            <\/h2>\n        <\/header><div class=\"ebpg-entry-meta ebpg-footer-meta\"><div class=\"ebpg-entry-meta-items\"><span class=\"ebpg-posted-on\">\n            on 9 juin 2024\n        <\/span><\/div><\/div><\/div><\/div><\/article>            <\/div>\n        <\/div>\n    <\/div>\n<\/div>\n","protected":false},"excerpt":{"rendered":"","protected":false},"author":2,"featured_media":0,"parent":0,"menu_order":0,"comment_status":"closed","ping_status":"closed","template":"","meta":{"_eb_attr":"","_EventAllDay":false,"_EventTimezone":"","_EventStartDate":"","_EventEndDate":"","_EventStartDateUTC":"","_EventEndDateUTC":"","_EventShowMap":false,"_EventShowMapLink":false,"_EventURL":"","_EventCost":"","_EventCostDescription":"","_EventCurrencySymbol":"","_EventCurrencyCode":"","_EventCurrencyPosition":"","_EventDateTimeSeparator":"","_EventTimeRangeSeparator":"","_EventOrganizerID":[],"_EventVenueID":[],"_OrganizerEmail":"","_OrganizerPhone":"","_OrganizerWebsite":"","_VenueAddress":"","_VenueCity":"","_VenueCountry":"","_VenueProvince":"","_VenueState":"","_VenueZip":"","_VenuePhone":"","_VenueURL":"","_VenueStateProvince":"","_VenueLat":"","_VenueLng":"","_VenueShowMap":false,"_VenueShowMapLink":false,"footnotes":""},"class_list":["post-55","page","type-page","status-publish","hentry"],"_links":{"self":[{"href":"https:\/\/www.ftspt.com\/index.php\/wp-json\/wp\/v2\/pages\/55"}],"collection":[{"href":"https:\/\/www.ftspt.com\/index.php\/wp-json\/wp\/v2\/pages"}],"about":[{"href":"https:\/\/www.ftspt.com\/index.php\/wp-json\/wp\/v2\/types\/page"}],"author":[{"embeddable":true,"href":"https:\/\/www.ftspt.com\/index.php\/wp-json\/wp\/v2\/users\/2"}],"replies":[{"embeddable":true,"href":"https:\/\/www.ftspt.com\/index.php\/wp-json\/wp\/v2\/comments?post=55"}],"version-history":[{"count":9,"href":"https:\/\/www.ftspt.com\/index.php\/wp-json\/wp\/v2\/pages\/55\/revisions"}],"predecessor-version":[{"id":1059,"href":"https:\/\/www.ftspt.com\/index.php\/wp-json\/wp\/v2\/pages\/55\/revisions\/1059"}],"wp:attachment":[{"href":"https:\/\/www.ftspt.com\/index.php\/wp-json\/wp\/v2\/media?parent=55"}],"curies":[{"name":"wp","href":"https:\/\/api.w.org\/{rel}","templated":true}]}}