{"id":872,"date":"2024-06-08T20:32:55","date_gmt":"2024-06-08T18:32:55","guid":{"rendered":"https:\/\/www.ftspt.com\/?page_id=872"},"modified":"2024-08-16T14:44:55","modified_gmt":"2024-08-16T13:44:55","slug":"mot-de-president","status":"publish","type":"page","link":"https:\/\/www.ftspt.com\/index.php\/mot-de-president\/","title":{"rendered":"Mot de Pr\u00e9sident"},"content":{"rendered":"\n<p><\/p>\n\n\n\n<div class=\"wp-block-essential-blocks-wrapper alignfull  root-eb-wrapper-dvywe\"><div class=\"eb-parent-wrapper eb-parent-eb-wrapper-dvywe \"><div class=\"eb-wrapper-outer eb-wrapper-dvywe\"><div class=\"eb-wrapper-inner\"><div class=\"eb-wrapper-inner-blocks eb-wrapper-align-center\">\n<div class=\"wp-block-columns is-layout-flex wp-container-core-columns-is-layout-1 wp-block-columns-is-layout-flex\">\n<div class=\"wp-block-column is-layout-flow wp-block-column-is-layout-flow\" style=\"flex-basis:100%\">\n<div class=\"wp-block-group is-content-justification-left is-nowrap is-layout-flex wp-container-core-group-is-layout-1 wp-block-group-is-layout-flex\">\n<div class=\"wp-block-essential-blocks-testimonial  root-eb-testimonial-k74x9\"><div class=\"eb-parent-wrapper eb-parent-eb-testimonial-k74x9 \"><div class=\"eb-testimonial-wrapper eb-testimonial-k74x9 layout-preset-1\" data-id=\"eb-testimonial-k74x9\"><div class=\"eb-testimonial-container\"><div class=\"eb-avatar-container avatar-inline \"><div class=\"image-container\"><div class=\"eb-avatar-style\"><\/div><\/div><div class=\"eb-userinfo-container\"><p class=\"eb-testimonial-username\">Pr\u00e9sident : Dr. Marwen CHAIEB<\/p><p class=\"eb-testimonial-company\"><em><mark style=\"background-color:rgba(0, 0, 0, 0)\" class=\"has-inline-color has-meta-color-color\">August 06, 2024<\/mark><\/em><\/p><\/div><\/div><div class=\"eb-description-container\"><div class=\"eb-testimonial-quote-style\"><svg xmlns=\"http:\/\/www.w3.org\/2000\/svg\" width=\"123.961\" height=\"123.961\" x=\"0\" y=\"0\" enable-background=\"new 0 0 123.961 123.961\" version=\"1.1\" viewBox=\"0 0 123.961 123.961\" xml:space=\"preserve\"><path d=\"M49.8 29.032c3.1-1.3 4.4-5 3-8l-4.9-10.3c-1.4-2.899-4.8-4.2-7.8-2.899-8.5 3.6-15.8 8.3-21.6 14C11.4 28.532 6.6 36.232 4 44.732c-2.6 8.601-4 20.3-4 35.2v30.7c0 3.3 2.7 6 6 6h39.3c3.3 0 6-2.7 6-6v-39.3c0-3.301-2.7-6-6-6H26.5c.2-10.101 2.6-18.2 7-24.301 3.6-4.898 9-8.898 16.3-11.999zM120.4 29.032c3.1-1.3 4.399-5 3-8l-4.9-10.199c-1.4-2.9-4.8-4.2-7.8-2.9-8.4 3.6-15.601 8.3-21.5 13.9-7.101 6.8-12 14.5-14.601 23-2.6 8.399-3.899 20.1-3.899 35.1v30.7c0 3.3 2.7 6 6 6H116c3.3 0 6-2.7 6-6v-39.3c0-3.301-2.7-6-6-6H97.1c.2-10.101 2.601-18.2 7-24.301 3.6-4.899 9-8.899 16.3-12z\"><\/path><\/svg><\/div><p class=\"eb-testimonial-description\"><strong><em>Notre nouvelle strat\u00e9gie \u00e9largit cet engagement et encourage nos associations et groupes<\/em> <em>communautaires.<\/em><br><em>Notre objectif est de d\u00e9montrer de bonnes pratiques sociales et des parcours de sant\u00e9.<\/em><\/strong><\/p><\/div><\/div><\/div><\/div><\/div>\n\n\n\n<figure class=\"wp-block-image size-full is-resized\"><img fetchpriority=\"high\" decoding=\"async\" width=\"332\" height=\"407\" src=\"https:\/\/www.ftspt.com\/wp-content\/uploads\/2024\/06\/image-63.png\" alt=\"\" class=\"wp-image-1397\" style=\"width:267px;height:auto\" srcset=\"https:\/\/www.ftspt.com\/wp-content\/uploads\/2024\/06\/image-63.png 332w, https:\/\/www.ftspt.com\/wp-content\/uploads\/2024\/06\/image-63-245x300.png 245w\" sizes=\"(max-width: 332px) 100vw, 332px\" \/><\/figure>\n\n\n\n<blockquote class=\"wp-block-quote is-layout-flow wp-block-quote-is-layout-flow\"><\/blockquote>\n<\/div>\n<\/div>\n<\/div>\n<\/div><\/div><\/div><\/div><\/div>\n\n\n\n<div class=\"wp-block-essential-blocks-wrapper alignfull  root-eb-wrapper-cbt6r\"><div class=\"eb-parent-wrapper eb-parent-eb-wrapper-cbt6r \"><div class=\"eb-wrapper-outer eb-wrapper-cbt6r\"><div class=\"eb-wrapper-inner\"><div class=\"eb-wrapper-inner-blocks eb-wrapper-align-center\">\n<div class=\"wp-block-columns is-layout-flex wp-container-core-columns-is-layout-2 wp-block-columns-is-layout-flex\">\n<div class=\"wp-block-column is-layout-flow wp-block-column-is-layout-flow\" style=\"flex-basis:100%\">\n<ul class=\"wp-block-list\">\n<li>Notre objectif est de d\u00e9montrer de bonnes pratiques sociales et des parcours de sant\u00e9. Que ce soit dans les stades et enceintes sportives, les habitations,  parcours de sant\u00e9, et dans tous les espaces appropri\u00e9s En mati\u00e8re d\u2019activit\u00e9 physique, nous visons \u00e0 b\u00e2tir et \u00e0 maintenir une nation plus active. Nous avons l&rsquo;intention sous surveillance Sous la tutelle du Minist\u00e8re de la Jeunesse et des Sports et en partenariat avec les diff\u00e9rents acteurs impliqu\u00e9s, nous rejoindrons notre communaut\u00e9 Dans ses diff\u00e9rentes couches de la soci\u00e9t\u00e9, sur le terrain, il faudrait pratiquer davantage le sport pour avancer vers la construction d&rsquo;une soci\u00e9t\u00e9<\/li>\n\n\n\n<li>La F\u00e9d\u00e9ration Tunisienne du Sport pour Tous est honor\u00e9e de contribuer \u00e0 l&rsquo;\u00e9cole et aux activit\u00e9s des citoyens tunisiens.<\/li>\n\n\n\n<li>Notre nouvelle strat\u00e9gie \u00ab Le sport pour tous \u00bb occupe une place importante dans ce voyage fruitier.<\/li>\n\n\n\n<li>Gr\u00e2ce au document strat\u00e9gique, nous avons une copie de la route plus claire pour notre public et r\u00e9pondons \u00e0 toutes ces choses.<\/li>\n\n\n\n<li>Secteur de la vie priv\u00e9e et encourage les individus \u00e0 adopter un mode de vie meilleur et plus actif.<\/li>\n\n\n\n<li>Commencez ce document et expliquez-le Les efforts d\u00e9velopp\u00e9s par la F\u00e9d\u00e9ration Tunisienne du Sport pour toucher l&rsquo;ensemble des acteurs de la soci\u00e9t\u00e9, Vous \u00eates encourag\u00e9s \u00e0 adopter un mode de s\u00e9curit\u00e9 des personnes.<\/li>\n\n\n\n<li>Nous essayons \u00e9galement d&rsquo;augmenter le nombre de groupes disponibles pour les partenaires<\/li>\n\n\n\n<li>internationaux et locaux Et travaillez avec des individus et des organisations qui partagent notre engagement en faveur d\u2019une soci\u00e9t\u00e9 plus saine, plus heureuse et plus active.<\/li>\n<\/ul>\n<\/div>\n<\/div>\n<\/div><\/div><\/div><\/div><\/div>\n","protected":false},"excerpt":{"rendered":"","protected":false},"author":2,"featured_media":0,"parent":0,"menu_order":0,"comment_status":"closed","ping_status":"closed","template":"","meta":{"_eb_attr":"","_EventAllDay":false,"_EventTimezone":"","_EventStartDate":"","_EventEndDate":"","_EventStartDateUTC":"","_EventEndDateUTC":"","_EventShowMap":false,"_EventShowMapLink":false,"_EventURL":"","_EventCost":"","_EventCostDescription":"","_EventCurrencySymbol":"","_EventCurrencyCode":"","_EventCurrencyPosition":"","_EventDateTimeSeparator":"","_EventTimeRangeSeparator":"","_EventOrganizerID":[],"_EventVenueID":[],"_OrganizerEmail":"","_OrganizerPhone":"","_OrganizerWebsite":"","_VenueAddress":"","_VenueCity":"","_VenueCountry":"","_VenueProvince":"","_VenueState":"","_VenueZip":"","_VenuePhone":"","_VenueURL":"","_VenueStateProvince":"","_VenueLat":"","_VenueLng":"","_VenueShowMap":false,"_VenueShowMapLink":false,"footnotes":""},"class_list":["post-872","page","type-page","status-publish","hentry"],"_links":{"self":[{"href":"https:\/\/www.ftspt.com\/index.php\/wp-json\/wp\/v2\/pages\/872"}],"collection":[{"href":"https:\/\/www.ftspt.com\/index.php\/wp-json\/wp\/v2\/pages"}],"about":[{"href":"https:\/\/www.ftspt.com\/index.php\/wp-json\/wp\/v2\/types\/page"}],"author":[{"embeddable":true,"href":"https:\/\/www.ftspt.com\/index.php\/wp-json\/wp\/v2\/users\/2"}],"replies":[{"embeddable":true,"href":"https:\/\/www.ftspt.com\/index.php\/wp-json\/wp\/v2\/comments?post=872"}],"version-history":[{"count":15,"href":"https:\/\/www.ftspt.com\/index.php\/wp-json\/wp\/v2\/pages\/872\/revisions"}],"predecessor-version":[{"id":1508,"href":"https:\/\/www.ftspt.com\/index.php\/wp-json\/wp\/v2\/pages\/872\/revisions\/1508"}],"wp:attachment":[{"href":"https:\/\/www.ftspt.com\/index.php\/wp-json\/wp\/v2\/media?parent=872"}],"curies":[{"name":"wp","href":"https:\/\/api.w.org\/{rel}","templated":true}]}}