{"id":884,"date":"2024-06-08T20:44:40","date_gmt":"2024-06-08T18:44:40","guid":{"rendered":"https:\/\/www.ftspt.com\/?page_id=884"},"modified":"2024-12-24T13:58:04","modified_gmt":"2024-12-24T12:58:04","slug":"gallerie-video","status":"publish","type":"page","link":"https:\/\/www.ftspt.com\/index.php\/gallerie-video\/","title":{"rendered":"Gallerie"},"content":{"rendered":"\n<p><\/p>\n\n\n\n<div class=\"wp-block-essential-blocks-wrapper alignfull  root-eb-wrapper-oxggsw1\"><div class=\"eb-parent-wrapper eb-parent-eb-wrapper-oxggsw1 \"><div class=\"eb-wrapper-outer eb-wrapper-oxggsw1\"><div class=\"eb-wrapper-inner\"><div class=\"eb-wrapper-inner-blocks eb-wrapper-align-center\">\n<div class=\"wp-block-group is-layout-constrained wp-block-group-is-layout-constrained\">\n<div class=\"wp-block-essential-blocks-image-gallery  root-eb-image-gallery-fq371hn\"><div class=\"eb-parent-wrapper eb-parent-eb-image-gallery-fq371hn eb_animation eb___animated eb___zoomIn\"><div class=\"eb-gallery-img-wrapper eb-image-gallery-fq371hn grid overlay-bottom caption-style-0   no-isotope \" data-id=\"eb-image-gallery-fq371hn\"><a href=\"https:\/\/www.ftspt.com\/wp-content\/uploads\/2024\/06\/409064428_917831253469183_6896966505288580993_n.jpg\" rel=\"noopener\" data-fslightbox=\"gallery\" data-type=\"image\" class=\"eb-gallery-img-content eb-filter-img-\"><span class=\"eb-gallery-link-wrapper\"><img decoding=\"async\" class=\"eb-gallery-img\" src=\"https:\/\/www.ftspt.com\/wp-content\/uploads\/2024\/06\/409064428_917831253469183_6896966505288580993_n.jpg\" image-index=\"0\" alt=\"\"\/><\/span><\/a><a href=\"https:\/\/www.ftspt.com\/wp-content\/uploads\/2024\/06\/425683576_905109251408050_9046064406483945099_n.jpg\" rel=\"noopener\" data-fslightbox=\"gallery\" data-type=\"image\" class=\"eb-gallery-img-content eb-filter-img-\"><span class=\"eb-gallery-link-wrapper\"><img decoding=\"async\" class=\"eb-gallery-img\" src=\"https:\/\/www.ftspt.com\/wp-content\/uploads\/2024\/06\/425683576_905109251408050_9046064406483945099_n.jpg\" image-index=\"1\" alt=\"\"\/><\/span><\/a><a href=\"https:\/\/www.ftspt.com\/wp-content\/uploads\/2024\/06\/436226075_969676924951282_3517218443617815974_n.jpg\" rel=\"noopener\" data-fslightbox=\"gallery\" data-type=\"image\" class=\"eb-gallery-img-content eb-filter-img-\"><span class=\"eb-gallery-link-wrapper\"><img decoding=\"async\" class=\"eb-gallery-img\" src=\"https:\/\/www.ftspt.com\/wp-content\/uploads\/2024\/06\/436226075_969676924951282_3517218443617815974_n.jpg\" image-index=\"2\" alt=\"\"\/><\/span><\/a><a href=\"https:\/\/www.ftspt.com\/wp-content\/uploads\/2024\/06\/439343107_953798606539114_4002859862496130849_n.jpg\" rel=\"noopener\" data-fslightbox=\"gallery\" data-type=\"image\" class=\"eb-gallery-img-content eb-filter-img-\"><span class=\"eb-gallery-link-wrapper\"><img decoding=\"async\" class=\"eb-gallery-img\" src=\"https:\/\/www.ftspt.com\/wp-content\/uploads\/2024\/06\/439343107_953798606539114_4002859862496130849_n.jpg\" image-index=\"3\" alt=\"\"\/><\/span><\/a><a href=\"https:\/\/www.ftspt.com\/wp-content\/uploads\/2024\/06\/439659323_953798636539111_2587341473101319263_n.jpg\" rel=\"noopener\" data-fslightbox=\"gallery\" data-type=\"image\" class=\"eb-gallery-img-content eb-filter-img-\"><span class=\"eb-gallery-link-wrapper\"><img decoding=\"async\" class=\"eb-gallery-img\" src=\"https:\/\/www.ftspt.com\/wp-content\/uploads\/2024\/06\/439659323_953798636539111_2587341473101319263_n.jpg\" image-index=\"4\" alt=\"\"\/><\/span><\/a><a href=\"https:\/\/www.ftspt.com\/wp-content\/uploads\/2024\/06\/441158549_967024148549893_9217224085403738186_n.jpg\" rel=\"noopener\" data-fslightbox=\"gallery\" data-type=\"image\" class=\"eb-gallery-img-content eb-filter-img-\"><span class=\"eb-gallery-link-wrapper\"><img decoding=\"async\" class=\"eb-gallery-img\" src=\"https:\/\/www.ftspt.com\/wp-content\/uploads\/2024\/06\/441158549_967024148549893_9217224085403738186_n.jpg\" image-index=\"5\" alt=\"\"\/><\/span><\/a><a href=\"https:\/\/www.ftspt.com\/wp-content\/uploads\/2024\/06\/441187279_967024488549859_373870373744095673_n.jpg\" rel=\"noopener\" data-fslightbox=\"gallery\" data-type=\"image\" class=\"eb-gallery-img-content eb-filter-img-\"><span class=\"eb-gallery-link-wrapper\"><img decoding=\"async\" class=\"eb-gallery-img\" src=\"https:\/\/www.ftspt.com\/wp-content\/uploads\/2024\/06\/441187279_967024488549859_373870373744095673_n.jpg\" image-index=\"6\" alt=\"\"\/><\/span><\/a><a href=\"https:\/\/www.ftspt.com\/wp-content\/uploads\/2024\/06\/441307862_967027748549533_1851034922904667536_n.jpg\" rel=\"noopener\" data-fslightbox=\"gallery\" data-type=\"image\" class=\"eb-gallery-img-content eb-filter-img-\"><span class=\"eb-gallery-link-wrapper\"><img decoding=\"async\" class=\"eb-gallery-img\" src=\"https:\/\/www.ftspt.com\/wp-content\/uploads\/2024\/06\/441307862_967027748549533_1851034922904667536_n.jpg\" image-index=\"7\" alt=\"\"\/><\/span><\/a><a href=\"https:\/\/www.ftspt.com\/wp-content\/uploads\/2024\/06\/441544068_969676391618002_4587066436901349285_n.jpg\" rel=\"noopener\" data-fslightbox=\"gallery\" data-type=\"image\" class=\"eb-gallery-img-content eb-filter-img-\"><span class=\"eb-gallery-link-wrapper\"><img decoding=\"async\" class=\"eb-gallery-img\" src=\"https:\/\/www.ftspt.com\/wp-content\/uploads\/2024\/06\/441544068_969676391618002_4587066436901349285_n.jpg\" image-index=\"8\" alt=\"\"\/><\/span><\/a><a href=\"https:\/\/www.ftspt.com\/wp-content\/uploads\/2024\/06\/441552340_969676551617986_5737508410632912578_n.jpg\" rel=\"noopener\" data-fslightbox=\"gallery\" data-type=\"image\" class=\"eb-gallery-img-content eb-filter-img-\"><span class=\"eb-gallery-link-wrapper\"><img decoding=\"async\" class=\"eb-gallery-img\" src=\"https:\/\/www.ftspt.com\/wp-content\/uploads\/2024\/06\/441552340_969676551617986_5737508410632912578_n.jpg\" image-index=\"9\" alt=\"\"\/><\/span><\/a><a href=\"https:\/\/www.ftspt.com\/wp-content\/uploads\/2024\/06\/441876069_969677004951274_7126419231401572594_n.jpg\" rel=\"noopener\" data-fslightbox=\"gallery\" data-type=\"image\" class=\"eb-gallery-img-content eb-filter-img-\"><span class=\"eb-gallery-link-wrapper\"><img decoding=\"async\" class=\"eb-gallery-img\" src=\"https:\/\/www.ftspt.com\/wp-content\/uploads\/2024\/06\/441876069_969677004951274_7126419231401572594_n.jpg\" image-index=\"10\" alt=\"\"\/><\/span><\/a><a href=\"https:\/\/www.ftspt.com\/wp-content\/uploads\/2024\/06\/441953112_969676781617963_6809717826961003490_n.jpg\" rel=\"noopener\" data-fslightbox=\"gallery\" data-type=\"image\" class=\"eb-gallery-img-content eb-filter-img-\"><span class=\"eb-gallery-link-wrapper\"><img decoding=\"async\" class=\"eb-gallery-img\" src=\"https:\/\/www.ftspt.com\/wp-content\/uploads\/2024\/06\/441953112_969676781617963_6809717826961003490_n.jpg\" image-index=\"11\" alt=\"\"\/><\/span><\/a><a href=\"https:\/\/www.ftspt.com\/wp-content\/uploads\/2024\/06\/441954763_969676888284619_4951488868808538249_n.jpg\" rel=\"noopener\" data-fslightbox=\"gallery\" data-type=\"image\" class=\"eb-gallery-img-content eb-filter-img-\"><span class=\"eb-gallery-link-wrapper\"><img decoding=\"async\" class=\"eb-gallery-img\" src=\"https:\/\/www.ftspt.com\/wp-content\/uploads\/2024\/06\/441954763_969676888284619_4951488868808538249_n.jpg\" image-index=\"12\" alt=\"\"\/><\/span><\/a><a href=\"https:\/\/www.ftspt.com\/wp-content\/uploads\/2024\/06\/442419422_969676674951307_6982775827433484982_n.jpg\" rel=\"noopener\" data-fslightbox=\"gallery\" data-type=\"image\" class=\"eb-gallery-img-content eb-filter-img-\"><span class=\"eb-gallery-link-wrapper\"><img decoding=\"async\" class=\"eb-gallery-img\" src=\"https:\/\/www.ftspt.com\/wp-content\/uploads\/2024\/06\/442419422_969676674951307_6982775827433484982_n.jpg\" image-index=\"13\" alt=\"\"\/><\/span><\/a><a href=\"https:\/\/www.ftspt.com\/wp-content\/uploads\/2024\/06\/442438421_969676938284614_8450415476971900140_n.jpg\" rel=\"noopener\" data-fslightbox=\"gallery\" data-type=\"image\" class=\"eb-gallery-img-content eb-filter-img-\"><span class=\"eb-gallery-link-wrapper\"><img decoding=\"async\" class=\"eb-gallery-img\" src=\"https:\/\/www.ftspt.com\/wp-content\/uploads\/2024\/06\/442438421_969676938284614_8450415476971900140_n.jpg\" image-index=\"14\" alt=\"\"\/><\/span><\/a><a href=\"https:\/\/www.ftspt.com\/wp-content\/uploads\/2024\/06\/442496433_969676958284612_2589111607421833667_n.jpg\" rel=\"noopener\" data-fslightbox=\"gallery\" data-type=\"image\" class=\"eb-gallery-img-content eb-filter-img-\"><span class=\"eb-gallery-link-wrapper\"><img decoding=\"async\" class=\"eb-gallery-img\" src=\"https:\/\/www.ftspt.com\/wp-content\/uploads\/2024\/06\/442496433_969676958284612_2589111607421833667_n.jpg\" image-index=\"15\" alt=\"\"\/><\/span><\/a><a href=\"https:\/\/www.ftspt.com\/wp-content\/uploads\/2024\/12\/1-2.jpg\" rel=\"noopener\" data-fslightbox=\"gallery\" data-type=\"image\" class=\"eb-gallery-img-content eb-filter-img-\"><span class=\"eb-gallery-link-wrapper\"><img decoding=\"async\" class=\"eb-gallery-img\" src=\"https:\/\/www.ftspt.com\/wp-content\/uploads\/2024\/12\/1-2.jpg\" image-index=\"16\" alt=\"\"\/><\/span><\/a><a href=\"https:\/\/www.ftspt.com\/wp-content\/uploads\/2024\/12\/2-2.jpg\" rel=\"noopener\" data-fslightbox=\"gallery\" data-type=\"image\" class=\"eb-gallery-img-content eb-filter-img-\"><span class=\"eb-gallery-link-wrapper\"><img decoding=\"async\" class=\"eb-gallery-img\" src=\"https:\/\/www.ftspt.com\/wp-content\/uploads\/2024\/12\/2-2.jpg\" image-index=\"17\" alt=\"\"\/><\/span><\/a><a href=\"https:\/\/www.ftspt.com\/wp-content\/uploads\/2024\/12\/3-1.jpg\" rel=\"noopener\" data-fslightbox=\"gallery\" data-type=\"image\" class=\"eb-gallery-img-content eb-filter-img-\"><span class=\"eb-gallery-link-wrapper\"><img decoding=\"async\" class=\"eb-gallery-img\" src=\"https:\/\/www.ftspt.com\/wp-content\/uploads\/2024\/12\/3-1.jpg\" image-index=\"18\" alt=\"\"\/><\/span><\/a><a href=\"https:\/\/www.ftspt.com\/wp-content\/uploads\/2024\/12\/a-1.jpg\" rel=\"noopener\" data-fslightbox=\"gallery\" data-type=\"image\" class=\"eb-gallery-img-content eb-filter-img-\"><span class=\"eb-gallery-link-wrapper\"><img decoding=\"async\" class=\"eb-gallery-img\" src=\"https:\/\/www.ftspt.com\/wp-content\/uploads\/2024\/12\/a-1.jpg\" image-index=\"19\" alt=\"\"\/><\/span><\/a><\/div><\/div><\/div>\n<\/div>\n\n\n\n<p><\/p>\n\n\n\n<p><\/p>\n\n\n\n<p><\/p>\n\n\n\n<h2 class=\"wp-block-heading has-text-align-center\">Vid\u00e9os<\/h2>\n\n\n\n<div class=\"wp-block-group is-nowrap is-layout-flex wp-container-core-group-is-layout-2 wp-block-group-is-layout-flex\">\n<figure class=\"wp-block-video\"><video controls src=\"https:\/\/www.ftspt.com\/wp-content\/uploads\/2024\/06\/WhatsApp-Video-2024-06-09-at-23.28.11.mp4\"><\/video><\/figure>\n\n\n\n<figure class=\"wp-block-embed is-type-video is-provider-youtube wp-block-embed-youtube wp-embed-aspect-16-9 wp-has-aspect-ratio\"><div class=\"wp-block-embed__wrapper\">\n<iframe title=\"Doja Cat - Paint The Town Red (Official Video)\" width=\"500\" height=\"281\" src=\"https:\/\/www.youtube.com\/embed\/m4_9TFeMfJE?feature=oembed\" frameborder=\"0\" allow=\"accelerometer; autoplay; clipboard-write; encrypted-media; gyroscope; picture-in-picture; web-share\" referrerpolicy=\"strict-origin-when-cross-origin\" allowfullscreen><\/iframe>\n<\/div><\/figure>\n\n\n\n<figure class=\"wp-block-video\"><\/figure>\n<\/div>\n\n\n\n<p><\/p>\n\n\n\n<p><\/p>\n\n\n\n<p><\/p>\n\n\n\n<p><\/p>\n\n\n\n<p><\/p>\n<\/div><\/div><\/div><\/div><\/div>\n\n\n\n<div class=\"wp-block-essential-blocks-wrapper alignfull  root-eb-wrapper-oadpb9e\"><div class=\"eb-parent-wrapper eb-parent-eb-wrapper-oadpb9e \"><div class=\"eb-wrapper-outer eb-wrapper-oadpb9e\"><div class=\"eb-wrapper-inner\"><div class=\"eb-wrapper-inner-blocks eb-wrapper-align-center\">\n<div class=\"wp-block-essential-blocks-row alignfull  root-eb-row-1cgbxkm\" id=\"video_section\"><div class=\"eb-parent-wrapper eb-parent-eb-row-1cgbxkm \"><div class=\"eb-row-root-container eb-row-1cgbxkm\" data-id=\"eb-row-1cgbxkm\"><div class=\"eb-row-wrapper\"><div class=\"eb-row-inner\">\n<div class=\"wp-block-essential-blocks-column  root-eb-column-ocme3wh\"><div class=\"eb-parent-wrapper eb-parent-eb-column-ocme3wh \"><div class=\"eb-column-wrapper eb-column-ocme3wh\"><div class=\"eb-column-inner\">\n<div class=\"wp-block-essential-blocks-advanced-heading  root-eb-advance-heading-6bdjv33\"><div class=\"eb-parent-wrapper eb-parent-eb-advance-heading-6bdjv33 eb_animation eb___animated eb___fadeInUp\"><div class=\"eb-advance-heading-wrapper eb-advance-heading-6bdjv33 button-1\" data-id=\"eb-advance-heading-6bdjv33\"><h2 class=\"eb-ah-title\">Regarder nos vid\u00e9os<\/h2><\/div><\/div><\/div>\n<\/div><\/div><\/div><\/div>\n<\/div><\/div><\/div><\/div><\/div>\n\n\n\n<div class=\"wp-block-essential-blocks-row alignfull  root-eb-row-olno8bu\"><div class=\"eb-parent-wrapper eb-parent-eb-row-olno8bu \"><div class=\"eb-row-root-container eb-row-olno8bu\" data-id=\"eb-row-olno8bu\"><div class=\"eb-row-wrapper\"><div class=\"eb-row-inner\">\n<div class=\"wp-block-essential-blocks-column  root-eb-column-ln80ep9\"><div class=\"eb-parent-wrapper eb-parent-eb-column-ln80ep9 \"><div class=\"eb-column-wrapper eb-column-ln80ep9\"><div class=\"eb-column-inner\">\n<div class=\"wp-block-columns is-layout-flex wp-container-core-columns-is-layout-1 wp-block-columns-is-layout-flex\">\n<div class=\"wp-block-column is-layout-flow wp-block-column-is-layout-flow\">\n<figure class=\"wp-block-embed is-type-video is-provider-youtube wp-block-embed-youtube wp-embed-aspect-16-9 wp-has-aspect-ratio\"><div class=\"wp-block-embed__wrapper\">\n<iframe title=\"les \u00e9v\u00e8nement de la F\u00e9deration Tunisienne pour Tous\" width=\"500\" height=\"281\" src=\"https:\/\/www.youtube.com\/embed\/XvvGl1rLNPA?feature=oembed\" frameborder=\"0\" allow=\"accelerometer; autoplay; clipboard-write; encrypted-media; gyroscope; picture-in-picture; web-share\" referrerpolicy=\"strict-origin-when-cross-origin\" allowfullscreen><\/iframe>\n<\/div><\/figure>\n<\/div>\n\n\n\n<div class=\"wp-block-column is-layout-flow wp-block-column-is-layout-flow\">\n<figure class=\"wp-block-embed is-type-video is-provider-youtube wp-block-embed-youtube wp-embed-aspect-16-9 wp-has-aspect-ratio\"><div class=\"wp-block-embed__wrapper\">\n<iframe title=\"Aftermovie Journ\u00e9e Sportive HAYA 2024\" width=\"500\" height=\"281\" src=\"https:\/\/www.youtube.com\/embed\/0GzYrPN4o6U?feature=oembed\" frameborder=\"0\" allow=\"accelerometer; autoplay; clipboard-write; encrypted-media; gyroscope; picture-in-picture; web-share\" referrerpolicy=\"strict-origin-when-cross-origin\" allowfullscreen><\/iframe>\n<\/div><\/figure>\n<\/div>\n<\/div>\n\n\n\n<figure class=\"wp-block-video\"><\/figure>\n<\/div><\/div><\/div><\/div>\n<\/div><\/div><\/div><\/div><\/div>\n\n\n\n<div class=\"wp-block-group alignfull is-layout-constrained wp-block-group-is-layout-constrained\">\n<div class=\"wp-block-essential-blocks-row alignfull  root-eb-row-2r4zk1x\"><div class=\"eb-parent-wrapper eb-parent-eb-row-2r4zk1x \"><div class=\"eb-row-root-container eb-row-2r4zk1x\" data-id=\"eb-row-2r4zk1x\"><div class=\"eb-row-wrapper\"><div class=\"eb-row-inner\"><\/div><\/div><\/div><\/div><\/div>\n<\/div>\n<\/div><\/div><\/div><\/div><\/div>\n","protected":false},"excerpt":{"rendered":"","protected":false},"author":2,"featured_media":0,"parent":0,"menu_order":0,"comment_status":"closed","ping_status":"closed","template":"","meta":{"_eb_attr":"","_EventAllDay":false,"_EventTimezone":"","_EventStartDate":"","_EventEndDate":"","_EventStartDateUTC":"","_EventEndDateUTC":"","_EventShowMap":false,"_EventShowMapLink":false,"_EventURL":"","_EventCost":"","_EventCostDescription":"","_EventCurrencySymbol":"","_EventCurrencyCode":"","_EventCurrencyPosition":"","_EventDateTimeSeparator":"","_EventTimeRangeSeparator":"","_EventOrganizerID":[],"_EventVenueID":[],"_OrganizerEmail":"","_OrganizerPhone":"","_OrganizerWebsite":"","_VenueAddress":"","_VenueCity":"","_VenueCountry":"","_VenueProvince":"","_VenueState":"","_VenueZip":"","_VenuePhone":"","_VenueURL":"","_VenueStateProvince":"","_VenueLat":"","_VenueLng":"","_VenueShowMap":false,"_VenueShowMapLink":false,"footnotes":""},"class_list":["post-884","page","type-page","status-publish","hentry"],"_links":{"self":[{"href":"https:\/\/www.ftspt.com\/index.php\/wp-json\/wp\/v2\/pages\/884"}],"collection":[{"href":"https:\/\/www.ftspt.com\/index.php\/wp-json\/wp\/v2\/pages"}],"about":[{"href":"https:\/\/www.ftspt.com\/index.php\/wp-json\/wp\/v2\/types\/page"}],"author":[{"embeddable":true,"href":"https:\/\/www.ftspt.com\/index.php\/wp-json\/wp\/v2\/users\/2"}],"replies":[{"embeddable":true,"href":"https:\/\/www.ftspt.com\/index.php\/wp-json\/wp\/v2\/comments?post=884"}],"version-history":[{"count":22,"href":"https:\/\/www.ftspt.com\/index.php\/wp-json\/wp\/v2\/pages\/884\/revisions"}],"predecessor-version":[{"id":1641,"href":"https:\/\/www.ftspt.com\/index.php\/wp-json\/wp\/v2\/pages\/884\/revisions\/1641"}],"wp:attachment":[{"href":"https:\/\/www.ftspt.com\/index.php\/wp-json\/wp\/v2\/media?parent=884"}],"curies":[{"name":"wp","href":"https:\/\/api.w.org\/{rel}","templated":true}]}}